{"id":660,"date":"2023-07-06T06:09:24","date_gmt":"2023-07-06T06:09:24","guid":{"rendered":"https:\/\/mtsolab.com\/WpEkav\/?page_id=660"},"modified":"2023-07-06T08:26:45","modified_gmt":"2023-07-06T08:26:45","slug":"2012-yili-faaliyetlerimiz","status":"publish","type":"page","link":"https:\/\/mtsoekav.org.tr\/index.php\/2012-yili-faaliyetlerimiz\/","title":{"rendered":"2012 Y\u0131l\u0131 Faaliyetlerimiz"},"content":{"rendered":"\n<style id=\"bwg-style-0\">    #bwg_container1_0 #bwg_container2_0 .bwg-container-0.bwg-standard-thumbnails {      width: 904px;              justify-content: center;        margin:0 auto !important;              background-color: rgba(255, 255, 255, 0.00);            padding-left: 4px;      padding-top: 4px;      max-width: 100%;            }        #bwg_container1_0 #bwg_container2_0 .bwg-container-0.bwg-standard-thumbnails .bwg-item {    justify-content: flex-start;      max-width: 180px;          }    #bwg_container1_0 #bwg_container2_0 .bwg-container-0.bwg-standard-thumbnails .bwg-item a {       margin-right: 4px;       margin-bottom: 4px;    }    #bwg_container1_0 #bwg_container2_0 .bwg-container-0.bwg-standard-thumbnails .bwg-item0 {      padding: 0px;            background-color:rgba(0,0,0, 0.30);      border: 0px none #CCCCCC;      opacity: 1.00;      border-radius: 0;      box-shadow: ;    }    #bwg_container1_0 #bwg_container2_0 .bwg-container-0.bwg-standard-thumbnails .bwg-item1 img {      max-height: none;      max-width: none;      padding: 0 !important;    }         @media only screen and (min-width: 480px) {\t\t#bwg_container1_0 #bwg_container2_0 .bwg-container-0.bwg-standard-thumbnails .bwg-item1 img {\t\t\t-webkit-transition: all .3s; transition: all .3s;\t\t}\t\t#bwg_container1_0 #bwg_container2_0 .bwg-container-0.bwg-standard-thumbnails .bwg-item1 img:hover {\t\t\t-ms-transform: scale(1.08);\t\t\t-webkit-transform: scale(1.08);\t\t\ttransform: scale(1.08);\t\t}\t\t\t\t.bwg-standard-thumbnails .bwg-zoom-effect .bwg-zoom-effect-overlay {\t\t\t\t\t\tbackground-color:rgba(0,0,0, 0.3);\t\t}\t\t.bwg-standard-thumbnails .bwg-zoom-effect:hover img {\t\t\t-ms-transform: scale(1.08);\t\t\t-webkit-transform: scale(1.08);\t\t\ttransform: scale(1.08);\t\t}\t\t      }\t    #bwg_container1_0 #bwg_container2_0 .bwg-container-0.bwg-standard-thumbnails .bwg-item1 {      padding-top: 49.444444444444%;    }        #bwg_container1_0 #bwg_container2_0 .bwg-container-0.bwg-standard-thumbnails .bwg-title1 {      position: absolute;      top: 0;      z-index: 100;      width: 100%;      height: 100%;      display: flex;      justify-content: center;      align-content: center;      flex-direction: column;      opacity: 0;    }\t      #bwg_container1_0 #bwg_container2_0 .bwg-container-0.bwg-standard-thumbnails .bwg-title2,    #bwg_container1_0 #bwg_container2_0 .bwg-container-0.bwg-standard-thumbnails .bwg-ecommerce2 {      color: #FFFFFF;      font-family: Ubuntu;      font-size: 16px;      font-weight: bold;      padding: 2px;      text-shadow: ;      max-height: 100%;    }    #bwg_container1_0 #bwg_container2_0 .bwg-container-0.bwg-standard-thumbnails .bwg-thumb-description span {    color: #323A45;    font-family: Ubuntu;    font-size: 12px;    max-height: 100%;    word-wrap: break-word;    }    #bwg_container1_0 #bwg_container2_0 .bwg-container-0.bwg-standard-thumbnails .bwg-play-icon2 {      font-size: 32px;    }    #bwg_container1_0 #bwg_container2_0 .bwg-container-0.bwg-standard-thumbnails .bwg-ecommerce2 {      font-size: 19.2px;      color: #323A45;    }    <\/style>    <div id=\"bwg_container1_0\"         class=\"bwg_container bwg_thumbnail bwg_thumbnails \"         data-right-click-protection=\"0\"         data-bwg=\"0\"         data-scroll=\"0\"         data-gallery-type=\"thumbnails\"         data-gallery-view-type=\"thumbnails\"         data-current-url=\"\/index.php\/wp-json\/wp\/v2\/pages\/660\"         data-lightbox-url=\"https:\/\/mtsoekav.org.tr\/wp-admin\/admin-ajax.php?action=GalleryBox&#038;current_view=0&#038;gallery_id=4&#038;tag=0&#038;theme_id=1&#038;shortcode_id=4&#038;sort_by=order&#038;order_by=asc&#038;current_url=%2Findex.php%2Fwp-json%2Fwp%2Fv2%2Fpages%2F660\"         data-gallery-id=\"4\"         data-popup-width=\"800\"         data-popup-height=\"500\"         data-is-album=\"gallery\"         data-buttons-position=\"bottom\">      <div id=\"bwg_container2_0\">             <div id=\"ajax_loading_0\" class=\"bwg_loading_div_1\">      <div class=\"bwg_loading_div_2\">        <div class=\"bwg_loading_div_3\">          <div id=\"loading_div_0\" class=\"bwg_spider_ajax_loading\">          <\/div>        <\/div>      <\/div>    <\/div>            <form id=\"gal_front_form_0\"              class=\"bwg-hidden\"              method=\"post\"              action=\"#\"              data-current=\"0\"              data-shortcode-id=\"4\"              data-gallery-type=\"thumbnails\"              data-gallery-id=\"4\"              data-tag=\"0\"              data-album-id=\"0\"              data-theme-id=\"1\"              data-ajax-url=\"https:\/\/mtsoekav.org.tr\/wp-admin\/admin-ajax.php?action=bwg_frontend_data\">          <div id=\"bwg_container3_0\" class=\"bwg-background bwg-background-0\">                <div data-max-count=\"5\"         data-thumbnail-width=\"180\"         data-bwg=\"0\"         data-gallery-id=\"4\"         data-lightbox-url=\"https:\/\/mtsoekav.org.tr\/wp-admin\/admin-ajax.php?action=GalleryBox&amp;current_view=0&amp;gallery_id=4&amp;tag=0&amp;theme_id=1&amp;shortcode_id=4&amp;sort_by=order&amp;order_by=asc&amp;current_url=%2Findex.php%2Fwp-json%2Fwp%2Fv2%2Fpages%2F660\"         id=\"bwg_thumbnails_0\"         class=\"bwg-container-0 bwg-thumbnails bwg-standard-thumbnails bwg-container bwg-border-box\">            <div class=\"bwg-item\">        <a class=\"bwg-a  bwg_lightbox\"  data-image-id=\"33\" href=\"https:\/\/mtsoekav.org.tr\/wp-content\/uploads\/photo-gallery\/imported_from_media_libray\/r4-2.jpg?bwg=1688631722\" data-elementor-open-lightbox=\"no\">                <div class=\"bwg-item0 \">          <div class=\"bwg-item1 bwg-zoom-effect\">            <div class=\"bwg-item2\">              <img decoding=\"async\" class=\"skip-lazy bwg_standart_thumb_img_0 \"                   data-id=\"33\"                   data-width=\"500.00\"                   data-height=\"331.66\"                   data-src=\"https:\/\/mtsoekav.org.tr\/wp-content\/uploads\/photo-gallery\/imported_from_media_libray\/thumb\/r4-2.jpg?bwg=1688631722\"                   src=\"https:\/\/mtsoekav.org.tr\/wp-content\/uploads\/photo-gallery\/imported_from_media_libray\/thumb\/r4-2.jpg?bwg=1688631722\"                   alt=\"2012 Faaliyetlerimiz\"                   title=\"2012 Faaliyetlerimiz\" \/>            <\/div>            <div class=\"bwg-zoom-effect-overlay\">              <div class=\"bwg-title1\"><div class=\"bwg-title2\">2012 Faaliyetlerimiz<\/div><\/div>                                        <\/div>          <\/div>        <\/div>                        <\/a>              <\/div>            <div class=\"bwg-item\">        <a class=\"bwg-a  bwg_lightbox\"  data-image-id=\"34\" href=\"https:\/\/mtsoekav.org.tr\/wp-content\/uploads\/photo-gallery\/imported_from_media_libray\/r2-2.jpg?bwg=1688631722\" data-elementor-open-lightbox=\"no\">                <div class=\"bwg-item0 \">          <div class=\"bwg-item1 bwg-zoom-effect\">            <div class=\"bwg-item2\">              <img decoding=\"async\" class=\"skip-lazy bwg_standart_thumb_img_0 \"                   data-id=\"34\"                   data-width=\"500.00\"                   data-height=\"331.66\"                   data-src=\"https:\/\/mtsoekav.org.tr\/wp-content\/uploads\/photo-gallery\/imported_from_media_libray\/thumb\/r2-2.jpg?bwg=1688631722\"                   src=\"https:\/\/mtsoekav.org.tr\/wp-content\/uploads\/photo-gallery\/imported_from_media_libray\/thumb\/r2-2.jpg?bwg=1688631722\"                   alt=\"2012 Faaliyetlerimiz\"                   title=\"2012 Faaliyetlerimiz\" \/>            <\/div>            <div class=\"bwg-zoom-effect-overlay\">              <div class=\"bwg-title1\"><div class=\"bwg-title2\">2012 Faaliyetlerimiz<\/div><\/div>                                        <\/div>          <\/div>        <\/div>                        <\/a>              <\/div>            <div class=\"bwg-item\">        <a class=\"bwg-a  bwg_lightbox\"  data-image-id=\"35\" href=\"https:\/\/mtsoekav.org.tr\/wp-content\/uploads\/photo-gallery\/imported_from_media_libray\/r1-2.jpg?bwg=1688631722\" data-elementor-open-lightbox=\"no\">                <div class=\"bwg-item0 \">          <div class=\"bwg-item1 bwg-zoom-effect\">            <div class=\"bwg-item2\">              <img decoding=\"async\" class=\"skip-lazy bwg_standart_thumb_img_0 \"                   data-id=\"35\"                   data-width=\"500.00\"                   data-height=\"331.66\"                   data-src=\"https:\/\/mtsoekav.org.tr\/wp-content\/uploads\/photo-gallery\/imported_from_media_libray\/thumb\/r1-2.jpg?bwg=1688631722\"                   src=\"https:\/\/mtsoekav.org.tr\/wp-content\/uploads\/photo-gallery\/imported_from_media_libray\/thumb\/r1-2.jpg?bwg=1688631722\"                   alt=\"2012 Faaliyetlerimiz\"                   title=\"2012 Faaliyetlerimiz\" \/>            <\/div>            <div class=\"bwg-zoom-effect-overlay\">              <div class=\"bwg-title1\"><div class=\"bwg-title2\">2012 Faaliyetlerimiz<\/div><\/div>                                        <\/div>          <\/div>        <\/div>                        <\/a>              <\/div>            <div class=\"bwg-item\">        <a class=\"bwg-a  bwg_lightbox\"  data-image-id=\"36\" href=\"https:\/\/mtsoekav.org.tr\/wp-content\/uploads\/photo-gallery\/imported_from_media_libray\/r3-2.jpg?bwg=1688631722\" data-elementor-open-lightbox=\"no\">                <div class=\"bwg-item0 \">          <div class=\"bwg-item1 bwg-zoom-effect\">            <div class=\"bwg-item2\">              <img decoding=\"async\" class=\"skip-lazy bwg_standart_thumb_img_0 \"                   data-id=\"36\"                   data-width=\"500.00\"                   data-height=\"331.66\"                   data-src=\"https:\/\/mtsoekav.org.tr\/wp-content\/uploads\/photo-gallery\/imported_from_media_libray\/thumb\/r3-2.jpg?bwg=1688631722\"                   src=\"https:\/\/mtsoekav.org.tr\/wp-content\/uploads\/photo-gallery\/imported_from_media_libray\/thumb\/r3-2.jpg?bwg=1688631722\"                   alt=\"2012 Faaliyetlerimiz\"                   title=\"2012 Faaliyetlerimiz\" \/>            <\/div>            <div class=\"bwg-zoom-effect-overlay\">              <div class=\"bwg-title1\"><div class=\"bwg-title2\">2012 Faaliyetlerimiz<\/div><\/div>                                        <\/div>          <\/div>        <\/div>                        <\/a>              <\/div>            <div class=\"bwg-item\">        <a class=\"bwg-a  bwg_lightbox\"  data-image-id=\"37\" href=\"https:\/\/mtsoekav.org.tr\/wp-content\/uploads\/photo-gallery\/imported_from_media_libray\/r5-2-1.jpg?bwg=1688631722\" data-elementor-open-lightbox=\"no\">                <div class=\"bwg-item0 \">          <div class=\"bwg-item1 bwg-zoom-effect\">            <div class=\"bwg-item2\">              <img decoding=\"async\" class=\"skip-lazy bwg_standart_thumb_img_0 \"                   data-id=\"37\"                   data-width=\"500.00\"                   data-height=\"375.00\"                   data-src=\"https:\/\/mtsoekav.org.tr\/wp-content\/uploads\/photo-gallery\/imported_from_media_libray\/thumb\/r5-2-1.jpg?bwg=1688631722\"                   src=\"https:\/\/mtsoekav.org.tr\/wp-content\/uploads\/photo-gallery\/imported_from_media_libray\/thumb\/r5-2-1.jpg?bwg=1688631722\"                   alt=\"2012 Faaliyetlerimiz\"                   title=\"2012 Faaliyetlerimiz\" \/>            <\/div>            <div class=\"bwg-zoom-effect-overlay\">              <div class=\"bwg-title1\"><div class=\"bwg-title2\">2012 Faaliyetlerimiz<\/div><\/div>                                        <\/div>          <\/div>        <\/div>                        <\/a>              <\/div>            <div class=\"bwg-item\">        <a class=\"bwg-a  bwg_lightbox\"  data-image-id=\"38\" href=\"https:\/\/mtsoekav.org.tr\/wp-content\/uploads\/photo-gallery\/imported_from_media_libray\/r6-2-1.jpg?bwg=1688631722\" data-elementor-open-lightbox=\"no\">                <div class=\"bwg-item0 \">          <div class=\"bwg-item1 bwg-zoom-effect\">            <div class=\"bwg-item2\">              <img decoding=\"async\" class=\"skip-lazy bwg_standart_thumb_img_0 \"                   data-id=\"38\"                   data-width=\"500.00\"                   data-height=\"258.33\"                   data-src=\"https:\/\/mtsoekav.org.tr\/wp-content\/uploads\/photo-gallery\/imported_from_media_libray\/thumb\/r6-2-1.jpg?bwg=1688631722\"                   src=\"https:\/\/mtsoekav.org.tr\/wp-content\/uploads\/photo-gallery\/imported_from_media_libray\/thumb\/r6-2-1.jpg?bwg=1688631722\"                   alt=\"2012 Faaliyetlerimiz\"                   title=\"2012 Faaliyetlerimiz\" \/>            <\/div>            <div class=\"bwg-zoom-effect-overlay\">              <div class=\"bwg-title1\"><div class=\"bwg-title2\">2012 Faaliyetlerimiz<\/div><\/div>                                        <\/div>          <\/div>        <\/div>                        <\/a>              <\/div>            <div class=\"bwg-item\">        <a class=\"bwg-a  bwg_lightbox\"  data-image-id=\"39\" href=\"https:\/\/mtsoekav.org.tr\/wp-content\/uploads\/photo-gallery\/imported_from_media_libray\/r7-2.jpg?bwg=1688631722\" data-elementor-open-lightbox=\"no\">                <div class=\"bwg-item0 \">          <div class=\"bwg-item1 bwg-zoom-effect\">            <div class=\"bwg-item2\">              <img decoding=\"async\" class=\"skip-lazy bwg_standart_thumb_img_0 \"                   data-id=\"39\"                   data-width=\"500.00\"                   data-height=\"200.00\"                   data-src=\"https:\/\/mtsoekav.org.tr\/wp-content\/uploads\/photo-gallery\/imported_from_media_libray\/thumb\/r7-2.jpg?bwg=1688631722\"                   src=\"https:\/\/mtsoekav.org.tr\/wp-content\/uploads\/photo-gallery\/imported_from_media_libray\/thumb\/r7-2.jpg?bwg=1688631722\"                   alt=\"2012 Faaliyetlerimiz\"                   title=\"2012 Faaliyetlerimiz\" \/>            <\/div>            <div class=\"bwg-zoom-effect-overlay\">              <div class=\"bwg-title1\"><div class=\"bwg-title2\">2012 Faaliyetlerimiz<\/div><\/div>                                        <\/div>          <\/div>        <\/div>                        <\/a>              <\/div>          <\/div>    <style>      \/*pagination styles*\/      #bwg_container1_0 #bwg_container2_0 .tablenav-pages_0 {\t\t\t\ttext-align: center;\t\t\t\tfont-size: 12px;\t\t\t\tfont-family: Ubuntu;\t\t\t\tfont-weight: bold;\t\t\t\tcolor: #666666;\t\t\t\tmargin: 6px 0 4px;\t\t\t\tdisplay: block;      }      @media only screen and (max-width : 320px) {      #bwg_container1_0 #bwg_container2_0 .displaying-num_0 {     \t display: none;      }      }      #bwg_container1_0 #bwg_container2_0 .displaying-num_0 {\t\t\t\tfont-size: 12px;\t\t\t\tfont-family: Ubuntu;\t\t\t\tfont-weight: bold;\t\t\t\tcolor: #666666;\t\t\t\tmargin-right: 10px;\t\t\t\tvertical-align: middle;      }      #bwg_container1_0 #bwg_container2_0 .paging-input_0 {\t\t\t\tfont-size: 12px;\t\t\t\tfont-family: Ubuntu;\t\t\t\tfont-weight: bold;\t\t\t\tcolor: #666666;\t\t\t\tvertical-align: middle;      }      #bwg_container1_0 #bwg_container2_0 .tablenav-pages_0 a.disabled,      #bwg_container1_0 #bwg_container2_0 .tablenav-pages_0 a.disabled:hover,      #bwg_container1_0 #bwg_container2_0 .tablenav-pages_0 a.disabled:focus,\t\t\t#bwg_container1_0 #bwg_container2_0 .tablenav-pages_0 input.bwg_current_page {\t\t\t\tcursor: default;\t\t\t\tcolor: rgba(102, 102, 102, 0.5);      }      #bwg_container1_0 #bwg_container2_0 .tablenav-pages_0 a,      #bwg_container1_0 #bwg_container2_0 .tablenav-pages_0 input.bwg_current_page {\t\t\t\tcursor: pointer;\t\t\t\ttext-align: center;\t\t\t\tfont-size: 12px;\t\t\t\tfont-family: Ubuntu;\t\t\t\tfont-weight: bold;\t\t\t\tcolor: #666666;\t\t\t\ttext-decoration: none;\t\t\t\tpadding: 3px 6px;\t\t\t\tmargin: 0;\t\t\t\tborder-radius: 0;\t\t\t\tborder-style: solid;\t\t\t\tborder-width: 1px;\t\t\t\tborder-color: #E3E3E3;\t\t\t\t\t\t\t\tbackground-color: rgba(255, 255, 255, 1.00);\t\t\t\tbox-shadow: 0;\t\t\t\ttransition: all 0.3s ease 0s;-webkit-transition: all 0.3s ease 0s;      }      <\/style>      <span class=\"bwg_nav_cont_0\">              <div class=\"tablenav-pages_0\">                  <\/div>                <input type=\"hidden\" id=\"page_number_0\" name=\"page_number_0\" value=\"1\" \/>      <script type=\"text\/javascript\">        if( jQuery('.bwg_nav_cont_0').length > 1 ) {          jQuery('.bwg_nav_cont_0').first().remove()        }        function spider_page_0(cur, x, y, load_more) {          if (typeof load_more == \"undefined\") {            var load_more = false;          }          if (jQuery(cur).hasClass('disabled')) {            return false;          }          var items_county_0 = 1;          switch (y) {            case 1:              if (x >= items_county_0) {                document.getElementById('page_number_0').value = items_county_0;              }              else {                document.getElementById('page_number_0').value = x + 1;              }              break;            case 2:              document.getElementById('page_number_0').value = items_county_0;              break;            case -1:              if (x == 1) {                document.getElementById('page_number_0').value = 1;              }              else {                document.getElementById('page_number_0').value = x - 1;              }              break;            case -2:              document.getElementById('page_number_0').value = 1;              break;\t\t\t\t\t\tcase 0:              document.getElementById('page_number_0').value = x;              break;            default:              document.getElementById('page_number_0').value = 1;          }          bwg_ajax('gal_front_form_0', '0', 'bwg_thumbnails_0', '0', '', 'gallery', 0, '', '', load_more, '', 1);        }                    jQuery('.first-page-0').on('click', function () {              spider_page_0(this, 1, -2, 'numeric');              return false;            });            jQuery('.prev-page-0').on('click', function () {              spider_page_0(this, 1, -1, 'numeric');              return false;            });            jQuery('.next-page-0').on('click', function () {              spider_page_0(this, 1, 1, 'numeric');              return false;            });            jQuery('.last-page-0').on('click', function () {              spider_page_0(this, 1, 2, 'numeric');              return false;            });        \t\t\t\t\/* Change page on input enter. *\/        function bwg_change_page_0( e, that ) {          if (  e.key == 'Enter' ) {            var to_page = parseInt(jQuery(that).val());            var pages_count = jQuery(that).parents(\".pagination-links\").data(\"pages-count\");            var current_url_param = jQuery(that).attr('data-url-info');            if (to_page > pages_count) {              to_page = 1;            }\t \t\t\t\t\t\t\t\t\t\t\t\tspider_page_0(this, to_page, 0, 'numeric');\t\t\t\t\t\t\treturn false;\t\t\t\t\t\t          }          return true;        }        jQuery('.bwg_load_btn_0').on('click', function () {            spider_page_0(this, 1, 1, true);            return false;        });      <\/script>      <\/span>                <\/div>        <\/form>        <style>          #bwg_container1_0 #bwg_container2_0 #spider_popup_overlay_0 {          background-color: #EEEEEE;          opacity: 0.60;          }          <\/style>        <div id=\"bwg_spider_popup_loading_0\" class=\"bwg_spider_popup_loading\"><\/div>        <div id=\"spider_popup_overlay_0\" class=\"spider_popup_overlay\" onclick=\"spider_destroypopup(1000)\"><\/div>        <input type=\"hidden\" id=\"bwg_random_seed_0\" value=\"1027187133\">                <\/div>    <\/div>    <script>      if (document.readyState === 'complete') {        if( typeof bwg_main_ready == 'function' ) {          if ( jQuery(\"#bwg_container1_0\").height() ) {            bwg_main_ready(jQuery(\"#bwg_container1_0\"));          }        }      } else {        document.addEventListener('DOMContentLoaded', function() {          if( typeof bwg_main_ready == 'function' ) {            if ( jQuery(\"#bwg_container1_0\").height() ) {             bwg_main_ready(jQuery(\"#bwg_container1_0\"));            }          }        });      }    <\/script>    \n\n\n\n<p>28.12.2011 tarihinde yap\u0131lan yo\u011fun ilgi g\u00f6ren Zor \u0130nsanlarla Ba\u015f Etmek e\u011fitimi iki ayr\u0131 tarihte tekrar d\u00fczenlendi.18.01.2012 tarihinde 91 ki\u015fi<\/p>\n\n\n\n<p>MTSO EKAV Y\u00f6netim Kurulu 24.01.2012 tarihinde KOSGEB \u0130l M\u00fcd\u00fcr\u00fc Mehmet Y\u0131lmaz\u2019\u0131 ziyaret etti.<\/p>\n\n\n\n<p>07.02.2012 Lider Y\u00f6netici 50 ki\u015fi,<\/p>\n\n\n\n<p>14.02.2012 Zor \u0130nsanlarla Ba\u015f Etmek 48 ki\u015fi,<\/p>\n\n\n\n<p>15.02.2012 Problem Belirleme \u00c7\u00f6zme Teknikleri 52 ki\u015fi,<\/p>\n\n\n\n<p>08.02.2012 SODES Turizmde Hedef 2013 Projesi bas\u0131n toplant\u0131s\u0131<\/p>\n\n\n\n<p>MTSO EKAV Y\u00f6netim Kurulu, 27.02.2012 TURAB ve M\u00dcS\u0130AD 28.02.2012 MES\u0130AD Y\u00f6netim Kurullar\u0131n\u0131 ziyaret etmi\u015ftir.<\/p>\n\n\n\n<p>05-21.03.2012 D\u0131\u015f Ticaret e\u011fitimi 38 ki\u015fi,<\/p>\n\n\n\n<p>06.03.2012 \u0130nsan Kaynaklar\u0131 Y\u00f6netimi 44 ki\u015fi,<\/p>\n\n\n\n<p>04.04.2012 \u0130leti\u015fim ve Beden Dili 48 ki\u015fi,<\/p>\n\n\n\n<p>11-12.04.2012 AB Proje Yazma E\u011fitimi 30 ki\u015fi,<\/p>\n\n\n\n<p>17.04.2012 \u0130leti\u015fim ve Motivasyon konferans 65 ki\u015fi,<\/p>\n\n\n\n<p>19.04.2012 Sat\u0131\u015f\u0131n ABC\u2019si 30 ki\u015fi,<\/p>\n\n\n\n<p>26-27.04.2012 AB Proje Yazma E\u011fitimi 45 ki\u015fi,<\/p>\n\n\n\n<p>03.05.2012 Pazarlama Stratejileri 33 ki\u015fi,<\/p>\n\n\n\n<p>02.05.2012 Yeni T\u00fcrk Ticaret Kanunun Getirdikleri konferans 234 ki\u015fi,<\/p>\n\n\n\n<p>11-22.06.2012 D\u0131\u015f Ticaret e\u011fitimi 28 ki\u015fi,<\/p>\n\n\n\n<p>MTSO EKAV Y\u00f6netim Kurulu, 08.08.2012 tarihinde SGK \u0130l M\u00fcd\u00fcr\u00fc Mehmet G\u00fclpak\u2019\u0131 ziyaret etti.<\/p>\n\n\n\n<p>19.09.2012 6331 say\u0131l\u0131 yasa hakk\u0131nda \u0130\u015f Sa\u011fl\u0131\u011f\u0131 ve G\u00fcvenli\u011fi konferans 76 ki\u015fi<\/p>\n\n\n\n<p>MTSO EKAV Y\u00f6netim Kurulu, 20.09.2012 Mersin \u00dcniversitesi Turizm Fak\u00fcltesi Dekan\u0131 Prof. Dr. Celil \u00c7ak\u0131c\u0131\u2019y\u0131 ziyaret etti.<\/p>\n\n\n\n<p>28.09.2012 SODES turizmde Hedef 2013 Projemizin sertifika t\u00f6reni 83 ki\u015fi<\/p>\n\n\n\n<p>02.10.2012 GEN\u00c7 M\u00dcS\u0130AD \u00fcyelerine y\u00f6nelik Zaman Y\u00f6netimi 30 ki\u015fi<\/p>\n\n\n\n<p>02.10.2012 Stres Y\u00f6netiminde Fark\u0131ndal\u0131k konferans\u0131 63 ki\u015fi<\/p>\n\n\n\n<p>16.12.2012 Kuyumculuk sekt\u00f6r\u00fcnde SATI\u015e e\u011fitimi 23 ki\u015fi<\/p>\n\n\n\n<p>07-29 Aral\u0131k 2012 tarihlerinde 8 g\u00fcn yap\u0131lan End\u00fcstri ve \u00d6rg\u00fct Psikolojisi sertifika program\u0131na 20 ki\u015fi kat\u0131ld\u0131.<\/p>\n\n\n\n<p>Sertifikal\u0131 Kurumsalla\u015fma Uzmanl\u0131k e\u011fitim program\u0131na 53 ki\u015fi kat\u0131ld\u0131. Bunun yan\u0131 s\u0131ra a\u015fa\u011f\u0131da verilen ba\u015fl\u0131klara sertifika program\u0131na kat\u0131lan 53 ki\u015fi d\u0131\u015f\u0131nda g\u00fcnl\u00fck kat\u0131l\u0131mc\u0131 say\u0131lar\u0131<\/p>\n\n\n\n<p>08.11.2012 Aile \u015eirketleri, Kurumsalla\u015fma, Makro Ekonomik G\u00f6stergeler, \u015eirket Politikalar\u0131 ve Risk Y\u00f6netimi 8 ki\u015fi<\/p>\n\n\n\n<p>10-11.11.2012 Strateji, Senaryo ve B\u00fct\u00e7e 5 ki\u015fi<\/p>\n\n\n\n<p>15-16.11.2012 uluslar aras\u0131 Rekabet ve Pazarlama Stratejileri, M\u00fc\u015fteri \u0130li\u015fkileri Y\u00f6netimi 7 ki\u015fi<\/p>\n\n\n\n<p>29-30.11.2012 Bilan\u00e7o ve Di\u011fer Mali Tablolar Analizi 16 ki\u015fi<\/p>\n\n\n\n<p>03.12.2012 \u0130nsan Kaynaklar\u0131 Y\u00f6netimi 10 ki\u015fi<\/p>\n\n\n\n<p>06-07.12.2012 Maliyet Y\u00f6netimi 6 ki\u015fi<\/p>\n\n\n\n<p>15-16.12.2012 Planlama, Tedarik zinciri ve \u00fcretim Y\u00f6netimi 3 ki\u015fi<\/p>\n\n\n\n<p>10-11-12.01.2013 Liderlik, S\u00fcre\u00e7 Y\u00f6netimi ve Ki\u015fisel Geli\u015fim 11 ki\u015fi<\/p>\n\n\n\n<p>1.230 ki\u015fi 2012 y\u0131l\u0131nda kat\u0131ld\u0131.<\/p>\n","protected":false},"excerpt":{"rendered":"<p>28.12.2011 tarihinde yap\u0131lan yo\u011fun ilgi g\u00f6ren Zor \u0130nsanlarla Ba\u015f Etmek e\u011fitimi iki ayr\u0131 tarihte tekrar d\u00fczenlendi.18.01.2012 tarihinde 91 ki\u015fi MTSO<\/p>\n","protected":false},"author":2,"featured_media":0,"parent":0,"menu_order":0,"comment_status":"closed","ping_status":"closed","template":"","meta":{"footnotes":""},"class_list":["post-660","page","type-page","status-publish","hentry"],"_links":{"self":[{"href":"https:\/\/mtsoekav.org.tr\/index.php\/wp-json\/wp\/v2\/pages\/660","targetHints":{"allow":["GET"]}}],"collection":[{"href":"https:\/\/mtsoekav.org.tr\/index.php\/wp-json\/wp\/v2\/pages"}],"about":[{"href":"https:\/\/mtsoekav.org.tr\/index.php\/wp-json\/wp\/v2\/types\/page"}],"author":[{"embeddable":true,"href":"https:\/\/mtsoekav.org.tr\/index.php\/wp-json\/wp\/v2\/users\/2"}],"replies":[{"embeddable":true,"href":"https:\/\/mtsoekav.org.tr\/index.php\/wp-json\/wp\/v2\/comments?post=660"}],"version-history":[{"count":2,"href":"https:\/\/mtsoekav.org.tr\/index.php\/wp-json\/wp\/v2\/pages\/660\/revisions"}],"predecessor-version":[{"id":734,"href":"https:\/\/mtsoekav.org.tr\/index.php\/wp-json\/wp\/v2\/pages\/660\/revisions\/734"}],"wp:attachment":[{"href":"https:\/\/mtsoekav.org.tr\/index.php\/wp-json\/wp\/v2\/media?parent=660"}],"curies":[{"name":"wp","href":"https:\/\/api.w.org\/{rel}","templated":true}]}}