{"id":616,"date":"2023-07-04T11:20:25","date_gmt":"2023-07-04T11:20:25","guid":{"rendered":"https:\/\/mtsolab.com\/WpEkav\/?page_id=616"},"modified":"2023-07-05T21:06:05","modified_gmt":"2023-07-05T21:06:05","slug":"misyonumuz-ve-vizyonumuz","status":"publish","type":"page","link":"https:\/\/mtsoekav.org.tr\/index.php\/misyonumuz-ve-vizyonumuz\/","title":{"rendered":"Misyonumuz ve Vizyonumuz"},"content":{"rendered":"\n<p>Mersin Ticaret ve Sanayi Odas\u0131 2013-2016 d\u00f6nemi i\u00e7in haz\u0131rlam\u0131\u015f oldu\u011fu Stratejik Plan\u0131 ve \u00c7al\u0131\u015fma Program\u0131nda, Odan\u0131n Misyonunu ve vizyonunu a\u015fa\u011f\u0131daki \u015fekilde belirlemi\u015ftir.<\/p>\n\n\n\n<p><strong>Misyonumuz: D\u00fc\u015fleneni ger\u00e7ekle\u015ftirmek<\/strong><\/p>\n\n\n\n<p>5174 Say\u0131l\u0131 Kanun ve ilgili mevzuat \u00e7er\u00e7evesinde; b\u00f6lgesel ve ulusal ekonomiye katk\u0131 sa\u011flayacak bi\u00e7imde, \u00fcyelerimizin sorunlar\u0131n\u0131 \u00e7\u00f6zecek, beklentilerini kar\u015f\u0131layacak her t\u00fcrl\u00fc hizmeti; sosyal sorumlulu\u011fumuzun bilincinde, \u00e7a\u011fda\u015f y\u00f6netim anlay\u0131\u015f\u0131 ile kurumsal bir yap\u0131 i\u00e7erisinde, uluslararas\u0131 standartlarda sunmak.<\/p>\n\n\n\n<p><strong>Vizyonumuz: Olmayan\u0131 d\u00fc\u015flemek<\/strong><\/p>\n\n\n\n<p>Mevzuatla tan\u0131mlanm\u0131\u015f \u015fartlar\u0131n d\u0131\u015f\u0131na \u00e7\u0131kmamak ko\u015fulu ile;<\/p>\n\n\n\n<ul class=\"wp-block-list\">\n<li>\u00c7a\u011fda\u015f Y\u00f6netim Anlay\u0131\u015f\u0131 ile y\u00f6netilen,<\/li>\n\n\n\n<li>Hizmetlerini, \u00fcyelerinin ihtiya\u00e7 ve beklentileri do\u011frultusunda geli\u015ftiren,<\/li>\n\n\n\n<li>\u015eeffaf ve kaliteli hizmet anlay\u0131\u015f\u0131yla, \u00fcye memnuniyetini sa\u011flayan,<\/li>\n\n\n\n<li>B\u00f6lgesel kalk\u0131nmada, kilit karar al\u0131c\u0131lar\u0131n \u00f6nemsedi\u011fi ve de\u011fer verdi\u011fi,<\/li>\n\n\n\n<li>Y\u00f6netim anlay\u0131\u015f\u0131, hizmet sunumu ve sosyal sorumluluk bilinciyle,<\/li>\n<\/ul>\n\n\n\n<p>b\u00f6lgesel ve ulusal bazda referans&nbsp;olmakt\u0131r.<\/p>\n","protected":false},"excerpt":{"rendered":"<p>Mersin Ticaret ve Sanayi Odas\u0131 2013-2016 d\u00f6nemi i\u00e7in haz\u0131rlam\u0131\u015f oldu\u011fu Stratejik Plan\u0131 ve \u00c7al\u0131\u015fma Program\u0131nda, Odan\u0131n Misyonunu ve vizyonunu a\u015fa\u011f\u0131daki<\/p>\n","protected":false},"author":2,"featured_media":0,"parent":0,"menu_order":0,"comment_status":"closed","ping_status":"closed","template":"","meta":{"footnotes":""},"class_list":["post-616","page","type-page","status-publish","hentry"],"_links":{"self":[{"href":"https:\/\/mtsoekav.org.tr\/index.php\/wp-json\/wp\/v2\/pages\/616","targetHints":{"allow":["GET"]}}],"collection":[{"href":"https:\/\/mtsoekav.org.tr\/index.php\/wp-json\/wp\/v2\/pages"}],"about":[{"href":"https:\/\/mtsoekav.org.tr\/index.php\/wp-json\/wp\/v2\/types\/page"}],"author":[{"embeddable":true,"href":"https:\/\/mtsoekav.org.tr\/index.php\/wp-json\/wp\/v2\/users\/2"}],"replies":[{"embeddable":true,"href":"https:\/\/mtsoekav.org.tr\/index.php\/wp-json\/wp\/v2\/comments?post=616"}],"version-history":[{"count":2,"href":"https:\/\/mtsoekav.org.tr\/index.php\/wp-json\/wp\/v2\/pages\/616\/revisions"}],"predecessor-version":[{"id":646,"href":"https:\/\/mtsoekav.org.tr\/index.php\/wp-json\/wp\/v2\/pages\/616\/revisions\/646"}],"wp:attachment":[{"href":"https:\/\/mtsoekav.org.tr\/index.php\/wp-json\/wp\/v2\/media?parent=616"}],"curies":[{"name":"wp","href":"https:\/\/api.w.org\/{rel}","templated":true}]}}