{"id":612,"date":"2023-07-30T18:55:42","date_gmt":"2023-07-30T18:55:42","guid":{"rendered":"https:\/\/mtsolab.com\/WpEkav\/?page_id=612"},"modified":"2023-08-11T04:56:57","modified_gmt":"2023-08-11T04:56:57","slug":"yonetim-kurulumuz","status":"publish","type":"page","link":"https:\/\/mtsoekav.org.tr\/index.php\/yonetim-kurulumuz\/","title":{"rendered":"Y\u00f6netim Kurulumuz"},"content":{"rendered":"\n<p class=\"has-text-align-center\">Y\u00f6netim Kurulumuz &nbsp;9 ki\u015fiden olu\u015fmaktad\u0131r.&nbsp;<\/p>\n\n\n\n<p class=\"has-text-align-center\">Y\u00f6netim Kurulumuz:<\/p>\n\n\n<p><img loading=\"lazy\" decoding=\"async\" class=\"wp-image-1468 aligncenter\" src=\"https:\/\/mtsolab.com\/WpEkav\/wp-content\/uploads\/2023\/07\/1991-1024x683.jpg\" alt=\"\" width=\"300\" height=\"200\" \/><\/p>\n<p style=\"text-align: center;\">Y\u00f6netim Kurulu Ba\u015fkan\u0131<br \/>\u0130smail Yavuz \u00d6zg\u00fcven<\/p>\n<p><img loading=\"lazy\" decoding=\"async\" class=\"wp-image-1472 aligncenter\" src=\"https:\/\/mtsolab.com\/WpEkav\/wp-content\/uploads\/2023\/07\/1985-1024x683.jpg\" alt=\"\" width=\"300\" height=\"200\" \/><\/p>\n<p style=\"text-align: center;\">Y\u00f6netim Kurulu Ba\u015fkan Vekili<br \/>Osman Kiper<\/p>\n<p><img loading=\"lazy\" decoding=\"async\" class=\"wp-image-1473 aligncenter\" src=\"https:\/\/mtsolab.com\/WpEkav\/wp-content\/uploads\/2023\/07\/2255-1024x683.jpg\" alt=\"\" width=\"300\" height=\"200\" srcset=\"https:\/\/mtsoekav.org.tr\/wp-content\/uploads\/2023\/07\/2255-1024x683.jpg 1024w, https:\/\/mtsoekav.org.tr\/wp-content\/uploads\/2023\/07\/2255-768x512.jpg 768w, https:\/\/mtsoekav.org.tr\/wp-content\/uploads\/2023\/07\/2255-1536x1024.jpg 1536w, https:\/\/mtsoekav.org.tr\/wp-content\/uploads\/2023\/07\/2255-2048x1365.jpg 2048w\" sizes=\"auto, (max-width: 300px) 100vw, 300px\" \/><\/p>\n<p style=\"text-align: center;\">Y\u00f6netim Kurulu Ba\u015fkan Vekili<br \/>Tamer G\u00fcner<\/p>\n<p><img loading=\"lazy\" decoding=\"async\" class=\"wp-image-1474 aligncenter\" src=\"https:\/\/mtsolab.com\/WpEkav\/wp-content\/uploads\/2023\/07\/2138-1024x683.jpg\" alt=\"\" width=\"300\" height=\"200\" srcset=\"https:\/\/mtsoekav.org.tr\/wp-content\/uploads\/2023\/07\/2138-1024x683.jpg 1024w, https:\/\/mtsoekav.org.tr\/wp-content\/uploads\/2023\/07\/2138-768x512.jpg 768w, https:\/\/mtsoekav.org.tr\/wp-content\/uploads\/2023\/07\/2138-1536x1024.jpg 1536w, https:\/\/mtsoekav.org.tr\/wp-content\/uploads\/2023\/07\/2138-2048x1365.jpg 2048w\" sizes=\"auto, (max-width: 300px) 100vw, 300px\" \/><\/p>\n<p style=\"text-align: center;\">Y\u00f6netim Kurulu Sayman \u00dcyesi<br \/>Muhammet Talat \u015eeker<\/p>\n<p><img loading=\"lazy\" decoding=\"async\" class=\"wp-image-1475 aligncenter\" src=\"https:\/\/mtsolab.com\/WpEkav\/wp-content\/uploads\/2023\/07\/2158-1024x682.jpg\" alt=\"\" width=\"300\" height=\"200\" srcset=\"https:\/\/mtsoekav.org.tr\/wp-content\/uploads\/2023\/07\/2158-1024x682.jpg 1024w, https:\/\/mtsoekav.org.tr\/wp-content\/uploads\/2023\/07\/2158-768x512.jpg 768w, https:\/\/mtsoekav.org.tr\/wp-content\/uploads\/2023\/07\/2158-1536x1024.jpg 1536w, https:\/\/mtsoekav.org.tr\/wp-content\/uploads\/2023\/07\/2158-2048x1365.jpg 2048w\" sizes=\"auto, (max-width: 300px) 100vw, 300px\" \/><\/p>\n<p style=\"text-align: center;\">Y\u00f6netim Kurulu Vak\u0131f M\u00fcd\u00fcr\u00fc<br \/>Burhan \u015ei\u011fva<\/p>\n<p><img loading=\"lazy\" decoding=\"async\" class=\"wp-image-1477 aligncenter\" src=\"https:\/\/mtsolab.com\/WpEkav\/wp-content\/uploads\/2023\/07\/2127-1024x683.jpg\" alt=\"\" width=\"300\" height=\"200\" srcset=\"https:\/\/mtsoekav.org.tr\/wp-content\/uploads\/2023\/07\/2127-1024x683.jpg 1024w, https:\/\/mtsoekav.org.tr\/wp-content\/uploads\/2023\/07\/2127-768x512.jpg 768w, https:\/\/mtsoekav.org.tr\/wp-content\/uploads\/2023\/07\/2127-1536x1024.jpg 1536w, https:\/\/mtsoekav.org.tr\/wp-content\/uploads\/2023\/07\/2127-2048x1365.jpg 2048w\" sizes=\"auto, (max-width: 300px) 100vw, 300px\" \/><\/p>\n<p style=\"text-align: center;\">Y\u00f6netim Kurulu \u00dcyesi<br \/>Baran Arslan<\/p>\n<p><img loading=\"lazy\" decoding=\"async\" class=\"wp-image-1478 aligncenter\" src=\"https:\/\/mtsolab.com\/WpEkav\/wp-content\/uploads\/2023\/07\/2166-1024x683.jpg\" alt=\"\" width=\"300\" height=\"200\" srcset=\"https:\/\/mtsoekav.org.tr\/wp-content\/uploads\/2023\/07\/2166-1024x683.jpg 1024w, https:\/\/mtsoekav.org.tr\/wp-content\/uploads\/2023\/07\/2166-768x512.jpg 768w, https:\/\/mtsoekav.org.tr\/wp-content\/uploads\/2023\/07\/2166-1536x1024.jpg 1536w, https:\/\/mtsoekav.org.tr\/wp-content\/uploads\/2023\/07\/2166-2048x1365.jpg 2048w\" sizes=\"auto, (max-width: 300px) 100vw, 300px\" \/><\/p>\n<p style=\"text-align: center;\">Y\u00f6netim Kurulu \u00dcyesi<br \/>Berdan Do\u011fan<\/p>\n<p><img loading=\"lazy\" decoding=\"async\" class=\"wp-image-1480 aligncenter\" src=\"https:\/\/mtsolab.com\/WpEkav\/wp-content\/uploads\/2023\/07\/2254-1024x683.jpg\" alt=\"\" width=\"300\" height=\"200\" srcset=\"https:\/\/mtsoekav.org.tr\/wp-content\/uploads\/2023\/07\/2254-1024x683.jpg 1024w, https:\/\/mtsoekav.org.tr\/wp-content\/uploads\/2023\/07\/2254-768x512.jpg 768w, https:\/\/mtsoekav.org.tr\/wp-content\/uploads\/2023\/07\/2254-1536x1024.jpg 1536w, https:\/\/mtsoekav.org.tr\/wp-content\/uploads\/2023\/07\/2254-2048x1365.jpg 2048w\" sizes=\"auto, (max-width: 300px) 100vw, 300px\" \/><\/p>\n<p style=\"text-align: center;\">Y\u00f6netim Kurulu \u00dcyesi<br \/>Ferhat \u00c7ak\u0131l<\/p>\n\n\n<div class=\"wp-block-group is-layout-constrained wp-block-group-is-layout-constrained\">\n<div class=\"wp-block-columns is-layout-flex wp-container-core-columns-is-layout-28f84493 wp-block-columns-is-layout-flex\">\n<div class=\"wp-block-column is-vertically-aligned-center is-layout-flow wp-block-column-is-layout-flow\" style=\"flex-basis:100%\">\n<p><img loading=\"lazy\" decoding=\"async\" class=\"wp-image-1521 aligncenter\" src=\"https:\/\/mtsolab.com\/WpEkav\/wp-content\/uploads\/2023\/08\/2236-1-1024x683.jpg\" alt=\"\" width=\"314\" height=\"209\" srcset=\"https:\/\/mtsoekav.org.tr\/wp-content\/uploads\/2023\/08\/2236-1-1024x683.jpg 1024w, https:\/\/mtsoekav.org.tr\/wp-content\/uploads\/2023\/08\/2236-1-768x512.jpg 768w, https:\/\/mtsoekav.org.tr\/wp-content\/uploads\/2023\/08\/2236-1-1536x1024.jpg 1536w, https:\/\/mtsoekav.org.tr\/wp-content\/uploads\/2023\/08\/2236-1-2048x1365.jpg 2048w\" sizes=\"auto, (max-width: 314px) 100vw, 314px\" \/><\/p>\n<p style=\"text-align: center;\">Y\u00f6netim Kurulu \u00dcyesi<br \/>\u00dcmit Utku Mete <\/p>\n<p style=\"text-align: center;\">\u00a0<\/p>\n<\/div>\n<\/div>\n<\/div>\n","protected":false},"excerpt":{"rendered":"<p>Y\u00f6netim Kurulumuz &nbsp;9 ki\u015fiden olu\u015fmaktad\u0131r.&nbsp; Y\u00f6netim Kurulumuz: Y\u00f6netim Kurulu Ba\u015fkan\u0131\u0130smail Yavuz \u00d6zg\u00fcven Y\u00f6netim Kurulu Ba\u015fkan VekiliOsman Kiper Y\u00f6netim Kurulu Ba\u015fkan<\/p>\n","protected":false},"author":2,"featured_media":0,"parent":0,"menu_order":0,"comment_status":"closed","ping_status":"closed","template":"","meta":{"footnotes":""},"class_list":["post-612","page","type-page","status-publish","hentry"],"_links":{"self":[{"href":"https:\/\/mtsoekav.org.tr\/index.php\/wp-json\/wp\/v2\/pages\/612","targetHints":{"allow":["GET"]}}],"collection":[{"href":"https:\/\/mtsoekav.org.tr\/index.php\/wp-json\/wp\/v2\/pages"}],"about":[{"href":"https:\/\/mtsoekav.org.tr\/index.php\/wp-json\/wp\/v2\/types\/page"}],"author":[{"embeddable":true,"href":"https:\/\/mtsoekav.org.tr\/index.php\/wp-json\/wp\/v2\/users\/2"}],"replies":[{"embeddable":true,"href":"https:\/\/mtsoekav.org.tr\/index.php\/wp-json\/wp\/v2\/comments?post=612"}],"version-history":[{"count":4,"href":"https:\/\/mtsoekav.org.tr\/index.php\/wp-json\/wp\/v2\/pages\/612\/revisions"}],"predecessor-version":[{"id":1522,"href":"https:\/\/mtsoekav.org.tr\/index.php\/wp-json\/wp\/v2\/pages\/612\/revisions\/1522"}],"wp:attachment":[{"href":"https:\/\/mtsoekav.org.tr\/index.php\/wp-json\/wp\/v2\/media?parent=612"}],"curies":[{"name":"wp","href":"https:\/\/api.w.org\/{rel}","templated":true}]}}