{"id":607,"date":"2023-07-04T10:49:10","date_gmt":"2023-07-04T10:49:10","guid":{"rendered":"https:\/\/mtsolab.com\/WpEkav\/?page_id=607"},"modified":"2023-07-28T06:13:10","modified_gmt":"2023-07-28T06:13:10","slug":"tarihcemiz","status":"publish","type":"page","link":"https:\/\/mtsoekav.org.tr\/index.php\/tarihcemiz\/","title":{"rendered":"Tarih\u00e7emiz"},"content":{"rendered":"\n\nVakf\u0131m\u0131z, Mersin Ticaret ve Sanayi Odas\u0131 b\u00fcnyesinde 21 Eyl\u00fcl 1985 tarihinde kurulmu\u015ftur.\n\n \n\nMersin Sel\u00e7uklar mahallesinde 1986 y\u0131l\u0131nda Mersin Ticaret ve Sanayi Odas\u0131 E\u011fitim ve Kalk\u0131nma Vakf\u0131 \u0130lk\u00f6\u011fretim Okulu\u2019nu yapt\u0131rarak Milli E\u011fitime ba\u011f\u0131\u015flam\u0131\u015ft\u0131r.\n\n \n\nEn iyi yat\u0131r\u0131m\u0131n insana yap\u0131ld\u0131\u011f\u0131 bilinciyle hareket ederek e\u011fitime yat\u0131r\u0131m yapmaktad\u0131r. Okullar\u0131n bak\u0131m onar\u0131m gibi ihtiya\u00e7lar\u0131n\u0131n yan\u0131 s\u0131ra \u00f6\u011frencilere kitap yard\u0131m\u0131 yap\u0131larak \u00f6\u011frencilerin okuma al\u0131\u015fkanl\u0131\u011f\u0131n\u0131n geli\u015fmesine ve \u00f6\u011frencilerin e\u011fitimine katk\u0131da bulunmaktad\u0131r. E\u011fitime, okullara ve \u00f6\u011frencilere destek verilmektedir.\n\n \n<p class=\"has-text-align-left\">2005 y\u0131l\u0131ndan bu yana faaliyetlerine ki\u015fisel geli\u015fim ve \u00e7e\u015fitli alanlarda mesleki e\u011fitim kurslar\u0131 d\u00fczenleyerek i\u015f d\u00fcnyas\u0131na vas\u0131fl\u0131 eleman yeti\u015fmesine ve yeti\u015fmi\u015f elemanlar\u0131n bilgilerinin g\u00fcncellenmesine yard\u0131mc\u0131 olmaktad\u0131r.<\/p>\n \n\n\u00dcyelerimize daha iyi hizmet vermek, ama\u00e7lar\u0131m\u0131za ula\u015fmak i\u00e7in 31 Aral\u0131k 2010 tarihinde \u0130ktisadi \u0130\u015fletmemiz kuruldu.\n\n","protected":false},"excerpt":{"rendered":"<p>Vakf\u0131m\u0131z, Mersin Ticaret ve Sanayi Odas\u0131 b\u00fcnyesinde 21 Eyl\u00fcl 1985 tarihinde kurulmu\u015ftur. Mersin Sel\u00e7uklar mahallesinde 1986 y\u0131l\u0131nda Mersin Ticaret ve<\/p>\n","protected":false},"author":2,"featured_media":0,"parent":0,"menu_order":0,"comment_status":"closed","ping_status":"closed","template":"","meta":{"footnotes":""},"class_list":["post-607","page","type-page","status-publish","hentry"],"_links":{"self":[{"href":"https:\/\/mtsoekav.org.tr\/index.php\/wp-json\/wp\/v2\/pages\/607","targetHints":{"allow":["GET"]}}],"collection":[{"href":"https:\/\/mtsoekav.org.tr\/index.php\/wp-json\/wp\/v2\/pages"}],"about":[{"href":"https:\/\/mtsoekav.org.tr\/index.php\/wp-json\/wp\/v2\/types\/page"}],"author":[{"embeddable":true,"href":"https:\/\/mtsoekav.org.tr\/index.php\/wp-json\/wp\/v2\/users\/2"}],"replies":[{"embeddable":true,"href":"https:\/\/mtsoekav.org.tr\/index.php\/wp-json\/wp\/v2\/comments?post=607"}],"version-history":[{"count":2,"href":"https:\/\/mtsoekav.org.tr\/index.php\/wp-json\/wp\/v2\/pages\/607\/revisions"}],"predecessor-version":[{"id":838,"href":"https:\/\/mtsoekav.org.tr\/index.php\/wp-json\/wp\/v2\/pages\/607\/revisions\/838"}],"wp:attachment":[{"href":"https:\/\/mtsoekav.org.tr\/index.php\/wp-json\/wp\/v2\/media?parent=607"}],"curies":[{"name":"wp","href":"https:\/\/api.w.org\/{rel}","templated":true}]}}