{"id":1508,"date":"2023-08-10T12:58:13","date_gmt":"2023-08-10T12:58:13","guid":{"rendered":"https:\/\/mtsolab.com\/WpEkav\/?page_id=1508"},"modified":"2023-08-18T12:39:06","modified_gmt":"2023-08-18T12:39:06","slug":"2021-yili-faaliyetlerimiz","status":"publish","type":"page","link":"https:\/\/mtsoekav.org.tr\/index.php\/2021-yili-faaliyetlerimiz\/","title":{"rendered":"2021 Y\u0131l\u0131 Faaliyetlerimiz"},"content":{"rendered":"\n<p><strong>MERS\u0130N T\u0130CARET VE SANAY\u0130 ODASI E\u011e\u0130T\u0130M VE KALKINMA VAKFI \u0130LE<\/strong> <strong>\u0130KT\u0130SAD\u0130 \u0130\u015eLETMES\u0130<\/strong><\/p>\n\n\n\n<p>Vak\u0131f Y\u00f6netim Kurulu 30.05.2018 tarihinden itibaren Ba\u015fkan S. \u00c7a\u011fatay G\u00fcne\u015f, Ba\u015fkan Vekilleri Mesut Selim \u00d6zc\u00f6mert ve Tamer G\u00fcner, Sayman \u00dcye Mustafa Mutlu Koyuncuo\u011flu, Y\u00f6netim Kurulu \u00dcyeleri Fahrettin A\u015fut, Hakan Bozbey, Osman Kiper, Yakup Y\u0131lmaz ve Yal\u00e7\u0131n Balc\u0131 olarak g\u00f6revlerine devam etmektedir.<\/p>\n\n\n\n<p>Pandemiden dolay\u0131 \u00e7evrimi\u00e7i devam eden e\u011fitim s\u00fcrecinde Vakf\u0131m\u0131z\u0131n ad\u0131n\u0131 ta\u015f\u0131yan MTSO E\u011fitim Vakf\u0131 \u0130lkokulu maddi durumu yetersiz olan \u00f6\u011frencilere derslerine kat\u0131lmalar\u0131 i\u00e7in MTSO\u2019 n\u0131n da deste\u011fiyle 63 adet tablet arma\u011fan edilmi\u015ftir.<\/p>\n\n\n\n<p>2021 y\u0131l\u0131 e\u011fitimlerimiz:<\/p>\n\n\n\n<ol class=\"wp-block-list\" type=\"1\">\n<li>Dijital pazarlama e\u011fitimi 16.02.2021<\/li>\n\n\n\n<li>Covid sonras\u0131 D\u00fcnya ve T\u00fcrkiye ekonomisi 17.02.2021<\/li>\n\n\n\n<li>Finansal okuryazarl\u0131k e\u011fitimi 22.02.2021<\/li>\n\n\n\n<li>Blockchain temel okuryazarl\u0131k e\u011fitimi 09.03.2021<\/li>\n\n\n\n<li>Linkedin ile i\u015f geli\u015ftirme 11.03.2021<\/li>\n<\/ol>\n\n\n\n<p>Mersin \u00dcniversitesi S\u00fcrekli E\u011fitim Merkezi ile protokol imzalanm\u0131\u015f ve a\u015fa\u011f\u0131da belirtilen e\u011fitimler \u00e7evrimi\u00e7i yap\u0131lm\u0131\u015ft\u0131r.<\/p>\n\n\n\n<figure class=\"wp-block-image size-large is-resized\"><img loading=\"lazy\" decoding=\"async\" src=\"https:\/\/mtsolab.com\/WpEkav\/wp-content\/uploads\/2023\/08\/188166836_224827032419905_7328545382930486709_n-1-1024x698.jpg\" alt=\"\" class=\"wp-image-1618\" style=\"width:531px;height:362px\" width=\"531\" height=\"362\" srcset=\"https:\/\/mtsoekav.org.tr\/wp-content\/uploads\/2023\/08\/188166836_224827032419905_7328545382930486709_n-1-1024x698.jpg 1024w, https:\/\/mtsoekav.org.tr\/wp-content\/uploads\/2023\/08\/188166836_224827032419905_7328545382930486709_n-1-768x523.jpg 768w, https:\/\/mtsoekav.org.tr\/wp-content\/uploads\/2023\/08\/188166836_224827032419905_7328545382930486709_n-1-130x90.jpg 130w, https:\/\/mtsoekav.org.tr\/wp-content\/uploads\/2023\/08\/188166836_224827032419905_7328545382930486709_n-1.jpg 1080w\" sizes=\"auto, (max-width: 531px) 100vw, 531px\" \/><\/figure>\n\n\n\n<figure class=\"wp-block-image size-large is-resized\"><img loading=\"lazy\" decoding=\"async\" src=\"https:\/\/mtsolab.com\/WpEkav\/wp-content\/uploads\/2023\/08\/188804821_923612275099212_8766315825868397222_n-1-1-1024x699.jpg\" alt=\"\" class=\"wp-image-1619\" style=\"width:531px;height:363px\" width=\"531\" height=\"363\" srcset=\"https:\/\/mtsoekav.org.tr\/wp-content\/uploads\/2023\/08\/188804821_923612275099212_8766315825868397222_n-1-1-1024x699.jpg 1024w, https:\/\/mtsoekav.org.tr\/wp-content\/uploads\/2023\/08\/188804821_923612275099212_8766315825868397222_n-1-1-768x524.jpg 768w, https:\/\/mtsoekav.org.tr\/wp-content\/uploads\/2023\/08\/188804821_923612275099212_8766315825868397222_n-1-1-130x90.jpg 130w, https:\/\/mtsoekav.org.tr\/wp-content\/uploads\/2023\/08\/188804821_923612275099212_8766315825868397222_n-1-1.jpg 1080w\" sizes=\"auto, (max-width: 531px) 100vw, 531px\" \/><\/figure>\n\n\n\n<figure class=\"wp-block-image size-large is-resized\"><img loading=\"lazy\" decoding=\"async\" src=\"https:\/\/mtsolab.com\/WpEkav\/wp-content\/uploads\/2023\/08\/187651798_212710440685700_7275944417198437103_n-1-1024x698.jpg\" alt=\"\" class=\"wp-image-1620\" style=\"width:532px;height:362px\" width=\"532\" height=\"362\" srcset=\"https:\/\/mtsoekav.org.tr\/wp-content\/uploads\/2023\/08\/187651798_212710440685700_7275944417198437103_n-1-1024x698.jpg 1024w, https:\/\/mtsoekav.org.tr\/wp-content\/uploads\/2023\/08\/187651798_212710440685700_7275944417198437103_n-1-768x523.jpg 768w, https:\/\/mtsoekav.org.tr\/wp-content\/uploads\/2023\/08\/187651798_212710440685700_7275944417198437103_n-1.jpg 1080w\" sizes=\"auto, (max-width: 532px) 100vw, 532px\" \/><\/figure>\n\n\n\n<p>Mersin Ticaret ve Sanayi Odas\u0131 E\u011fitim ve Kalk\u0131nma Vakf\u0131 olarak Mersin \u00dcniversitesi S\u00fcrekli E\u011fitim Merkezi ile protokol imzalad\u0131k. Odam\u0131z\u0131n \u00fcyelerinin, \u00fcyelerimizin \u00e7al\u0131\u015fanlar\u0131n\u0131n, i\u015f hayat\u0131na haz\u0131rlanan \u00f6\u011frencilerimizin, i\u015f arayanlar\u0131n yararlanaca\u011f\u0131 haziran ve temmuz aylar\u0131nda toplam 9 e\u011fitim ger\u00e7ekle\u015ftirdik.<\/p>\n\n\n\n<ol class=\"wp-block-list\" type=\"1\">\n<li>Y\u00f6netim ve y\u00f6netim fonksiyonlar\u0131 08.06.2021<\/li>\n\n\n\n<li>Problem \u00e7\u00f6zme ve karar verme 10.06.2021<\/li>\n\n\n\n<li>Etkin ileti\u015fim becerileri 15.06.2021<\/li>\n\n\n\n<li>Performans y\u00f6netimi 17.06.2021<\/li>\n\n\n\n<li>Etkili tak\u0131m \u00e7al\u0131\u015fmas\u0131 22.06.2021<\/li>\n\n\n\n<li>Zaman y\u00f6netimi 24.06.2021<\/li>\n\n\n\n<li>\u00d6rg\u00fctsel \u00e7at\u0131\u015fma 29.06.2021<\/li>\n\n\n\n<li>Stres ve \u00f6fke y\u00f6netimi 01.07.2021<\/li>\n\n\n\n<li>Mobbing 06.07.2021<\/li>\n<\/ol>\n\n\n\n<p>Habitat Derne\u011fi ile \u201cDijital E\u011fitim Program\u0131\u201d projesi kapsam\u0131nda \u201cbu yaz e\u011fitimdeyiz\u201d slogan\u0131yla a\u015fa\u011f\u0131daki e\u011fitimler d\u00fczenlenmi\u015ftir.<\/p>\n\n\n\n<ol class=\"wp-block-list\" type=\"1\">\n<li>Mobil foto\u011fraf\u00e7\u0131l\u0131k 10.06.2021<\/li>\n\n\n\n<li>\u0130nternet reklamc\u0131l\u0131\u011f\u0131 17.06.2021<\/li>\n\n\n\n<li>Dijital okuryazarl\u0131k 22.06.2021<\/li>\n\n\n\n<li>Dijital i\u00e7erik \u00fcretimi ve y\u00f6netimi 23.06.2021<\/li>\n\n\n\n<li>\u00c7evrimi\u00e7i g\u00fcvenlik 07.07.2021<\/li>\n\n\n\n<li>Kad\u0131n i\u00e7in teknoloji 08.07.2021<\/li>\n\n\n\n<li>\u00c7ocuklar i\u00e7in kodlama e\u011fitimi 12.07.2021<\/li>\n\n\n\n<li>\u00c7ocuklar i\u00e7in kodlama e\u011fitimi 13.07.2021<\/li>\n\n\n\n<li>Bulut bili\u015fim 29.07.2021<\/li>\n\n\n\n<li>\u00c7ocuklar i\u00e7in finansal okuryazarl\u0131k 04.08.2021<\/li>\n\n\n\n<li>Finansal risk y\u00f6netimi 11.08.2021<\/li>\n\n\n\n<li>Giri\u015fimciler i\u00e7in finansal okuryazarl\u0131k e\u011fitimi 18-19.08.2021<\/li>\n\n\n\n<li>S\u0131f\u0131r at\u0131k e\u011fitimi 24.08.2021<br><\/li>\n<\/ol>\n\n\n\n<figure class=\"wp-block-image size-large is-resized\"><img loading=\"lazy\" decoding=\"async\" src=\"https:\/\/mtsolab.com\/WpEkav\/wp-content\/uploads\/2023\/08\/191347329_3638660403025898_8845510385209204865_n-1024x755.jpg\" alt=\"\" class=\"wp-image-1621\" style=\"width:532px;height:392px\" width=\"532\" height=\"392\" srcset=\"https:\/\/mtsoekav.org.tr\/wp-content\/uploads\/2023\/08\/191347329_3638660403025898_8845510385209204865_n-1024x755.jpg 1024w, https:\/\/mtsoekav.org.tr\/wp-content\/uploads\/2023\/08\/191347329_3638660403025898_8845510385209204865_n-768x566.jpg 768w, https:\/\/mtsoekav.org.tr\/wp-content\/uploads\/2023\/08\/191347329_3638660403025898_8845510385209204865_n.jpg 1080w\" sizes=\"auto, (max-width: 532px) 100vw, 532px\" \/><\/figure>\n\n\n\n<figure class=\"wp-block-image size-large is-resized\"><img loading=\"lazy\" decoding=\"async\" src=\"https:\/\/mtsolab.com\/WpEkav\/wp-content\/uploads\/2023\/08\/190902787_524833372215277_1375592477291872358_n-1024x754.jpg\" alt=\"\" class=\"wp-image-1622\" style=\"width:533px;height:392px\" width=\"533\" height=\"392\" srcset=\"https:\/\/mtsoekav.org.tr\/wp-content\/uploads\/2023\/08\/190902787_524833372215277_1375592477291872358_n-1024x754.jpg 1024w, https:\/\/mtsoekav.org.tr\/wp-content\/uploads\/2023\/08\/190902787_524833372215277_1375592477291872358_n-768x565.jpg 768w, https:\/\/mtsoekav.org.tr\/wp-content\/uploads\/2023\/08\/190902787_524833372215277_1375592477291872358_n.jpg 1080w\" sizes=\"auto, (max-width: 533px) 100vw, 533px\" \/><\/figure>\n\n\n\n<p>Mersin Ticaret ve Sanayi Odas\u0131 E\u011fitim Vakf\u0131 \u0130lkokulu \u00f6\u011frencilerine tablet arma\u011fan edildi. Pandemi s\u00fcrecinde dersler \u00e7evrimi\u00e7i yap\u0131l\u0131yor. \u00c7ok karde\u015fli ve \u00e7evrimi\u00e7i e\u011fitimlere kat\u0131lamayacak durumda olan \u00f6\u011frencilerimize Mersin Ticaret ve Sanayi Odas\u0131 ve MTSO E\u011fitim ve Kalk\u0131nma Vakf\u0131 taraf\u0131ndan tablet arma\u011fan edildi. \u00d6\u011frencilerimize ba\u015far\u0131lar diliyoruz.<\/p>\n\n\n\n<figure class=\"wp-block-image size-full is-resized\"><img loading=\"lazy\" decoding=\"async\" src=\"https:\/\/mtsolab.com\/WpEkav\/wp-content\/uploads\/2023\/08\/269021253_761836588086085_8955979451602863005_n.jpg\" alt=\"\" class=\"wp-image-1626\" style=\"width:537px;height:537px\" width=\"537\" height=\"537\" srcset=\"https:\/\/mtsoekav.org.tr\/wp-content\/uploads\/2023\/08\/269021253_761836588086085_8955979451602863005_n.jpg 720w, https:\/\/mtsoekav.org.tr\/wp-content\/uploads\/2023\/08\/269021253_761836588086085_8955979451602863005_n-150x150.jpg 150w\" sizes=\"auto, (max-width: 537px) 100vw, 537px\" \/><\/figure>\n\n\n\n<p>Mersin Ticaret ve Sanayi Odas\u0131 (MTSO) E\u011fitim ve Kalk\u0131nma Vakf\u0131 Y\u00f6netim Kurulu Ba\u015fkan\u0131 Sad\u0131k \u00c7a\u011fatay G\u00fcne\u015f ve Y\u00f6netim Kurulu \u00dcyeleri, \u00c7ukurova B\u00f6lgesel Havaliman\u0131 yetkilileriyle bir araya gelerek, son geli\u015fmeleri de\u011ferlendirdi.<\/p>\n\n\n\n<p>MTSO E\u011fitim ve Kalk\u0131nma Vakf\u0131 Y\u00f6netim Kurulu ev sahipli\u011finde MTSO\u2019da ger\u00e7ekle\u015ftirilen toplant\u0131ya; E\u011fitim ve Kalk\u0131nma Vakf\u0131 Y\u00f6netim Kurulu Ba\u015fkan\u0131 Sad\u0131k \u00c7a\u011fatay G\u00fcne\u015f, Ba\u015fkan Vekilleri Mesut Selim \u00d6zc\u00f6mert ve Tamer G\u00fcner, Sayman \u00dcye M. Mutlu Koyuncuo\u011flu ve Y\u00f6netim Kurulu \u00dcyeleri Hakan Bozbey, Osman Kiper, Yakup Y\u0131lmaz ve Yal\u00e7\u0131n Balc\u0131\u2019n\u0131n yan\u0131 s\u0131ra, \u00c7ukurova B\u00f6lgesel Havaliman\u0131 Proje M\u00fcd\u00fcr\u00fc Ferhat G\u00fcney, Genel Sekreter U\u011fur H\u0131zal, \u0130SG M\u00fcd\u00fcr\u00fc Berkin Dereli, ICT M\u00fcd\u00fcr\u00fc Cem B\u00fct\u00fcn, MEP M\u00fcd\u00fcr\u00fc Levent Bayram ve Mimar Yemliha Orhan kat\u0131ld\u0131.<\/p>\n\n\n\n<p>Vak\u0131f tan\u0131t\u0131m\u0131n\u0131n ve faaliyetlerinin anlat\u0131ld\u0131\u011f\u0131 toplant\u0131da, bir y\u0131la bitmesi beklenen havaalan\u0131n\u0131n son durumu hakk\u0131nda bilgi al\u0131narak, yap\u0131labilecek i\u015fbirlikleri hakk\u0131nda fikir al\u0131\u015fveri\u015finde bulunuldu.<\/p>\n","protected":false},"excerpt":{"rendered":"<p>MERS\u0130N T\u0130CARET VE SANAY\u0130 ODASI E\u011e\u0130T\u0130M VE KALKINMA VAKFI \u0130LE \u0130KT\u0130SAD\u0130 \u0130\u015eLETMES\u0130 Vak\u0131f Y\u00f6netim Kurulu 30.05.2018 tarihinden itibaren Ba\u015fkan S.<\/p>\n","protected":false},"author":2,"featured_media":0,"parent":0,"menu_order":0,"comment_status":"closed","ping_status":"closed","template":"","meta":{"footnotes":""},"class_list":["post-1508","page","type-page","status-publish","hentry"],"_links":{"self":[{"href":"https:\/\/mtsoekav.org.tr\/index.php\/wp-json\/wp\/v2\/pages\/1508","targetHints":{"allow":["GET"]}}],"collection":[{"href":"https:\/\/mtsoekav.org.tr\/index.php\/wp-json\/wp\/v2\/pages"}],"about":[{"href":"https:\/\/mtsoekav.org.tr\/index.php\/wp-json\/wp\/v2\/types\/page"}],"author":[{"embeddable":true,"href":"https:\/\/mtsoekav.org.tr\/index.php\/wp-json\/wp\/v2\/users\/2"}],"replies":[{"embeddable":true,"href":"https:\/\/mtsoekav.org.tr\/index.php\/wp-json\/wp\/v2\/comments?post=1508"}],"version-history":[{"count":4,"href":"https:\/\/mtsoekav.org.tr\/index.php\/wp-json\/wp\/v2\/pages\/1508\/revisions"}],"predecessor-version":[{"id":1627,"href":"https:\/\/mtsoekav.org.tr\/index.php\/wp-json\/wp\/v2\/pages\/1508\/revisions\/1627"}],"wp:attachment":[{"href":"https:\/\/mtsoekav.org.tr\/index.php\/wp-json\/wp\/v2\/media?parent=1508"}],"curies":[{"name":"wp","href":"https:\/\/api.w.org\/{rel}","templated":true}]}}