{"id":1506,"date":"2023-08-10T12:56:08","date_gmt":"2023-08-10T12:56:08","guid":{"rendered":"https:\/\/mtsolab.com\/WpEkav\/?page_id=1506"},"modified":"2023-08-18T12:15:46","modified_gmt":"2023-08-18T12:15:46","slug":"2020-yili-faaliyetlerimiz","status":"publish","type":"page","link":"https:\/\/mtsoekav.org.tr\/index.php\/2020-yili-faaliyetlerimiz\/","title":{"rendered":"2020 Y\u0131l\u0131 Faaliyetlerimiz"},"content":{"rendered":"\n<p><strong>MERS\u0130N T\u0130CARET VE SANAY\u0130 ODASI<\/strong><\/p>\n\n\n\n<p><strong>E\u011e\u0130T\u0130M VE KALKINMA VAKFI ve \u0130KT\u0130SAD\u0130 \u0130\u015eLETMES\u0130<\/strong><\/p>\n\n\n\n<ul class=\"wp-block-list\" type=\"1\">\n<li>&nbsp;&nbsp;Hibe, Destek Programlar\u0131 Tan\u0131t\u0131m\u0131 04.02.2020<\/li>\n<\/ul>\n\n\n\n<figure class=\"wp-block-image size-large is-resized\"><img loading=\"lazy\" decoding=\"async\" src=\"https:\/\/mtsolab.com\/WpEkav\/wp-content\/uploads\/2023\/08\/83257024_496532921267900_6233712254357959853_n-1-1010x768.jpg\" alt=\"\" class=\"wp-image-1596\" style=\"width:517px;height:393px\" width=\"517\" height=\"393\" srcset=\"https:\/\/mtsoekav.org.tr\/wp-content\/uploads\/2023\/08\/83257024_496532921267900_6233712254357959853_n-1-1010x768.jpg 1010w, https:\/\/mtsoekav.org.tr\/wp-content\/uploads\/2023\/08\/83257024_496532921267900_6233712254357959853_n-1-768x584.jpg 768w, https:\/\/mtsoekav.org.tr\/wp-content\/uploads\/2023\/08\/83257024_496532921267900_6233712254357959853_n-1.jpg 1080w\" sizes=\"auto, (max-width: 517px) 100vw, 517px\" \/><\/figure>\n\n\n\n<p>04 \u015eubat 2020 Sal\u0131 g\u00fcn\u00fc MTSO E\u011eITIM VE KALKINMA VAKFIMIZ ile MTSO 31. Meslek Komitesi i\u015fbirli\u011finde KOSGEB, TKDK, Ticaret Bakanl\u0131\u011f\u0131 desteklemeleri anlat\u0131ld\u0131.<\/p>\n\n\n\n<ul class=\"wp-block-list\">\n<li>&nbsp;Teknoloji Ba\u011f\u0131ml\u0131l\u0131\u011f\u0131 konferans\u0131 13 \u015eubat 2020<\/li>\n<\/ul>\n\n\n\n<figure class=\"wp-block-image aligncenter size-large is-resized\"><img loading=\"lazy\" decoding=\"async\" src=\"https:\/\/mtsolab.com\/WpEkav\/wp-content\/uploads\/2023\/08\/81249236_589585168547828_1299250363399398062_n-1024x683.jpg\" alt=\"\" class=\"wp-image-1593\" style=\"width:565px;height:377px\" width=\"565\" height=\"377\" srcset=\"https:\/\/mtsoekav.org.tr\/wp-content\/uploads\/2023\/08\/81249236_589585168547828_1299250363399398062_n-1024x683.jpg 1024w, https:\/\/mtsoekav.org.tr\/wp-content\/uploads\/2023\/08\/81249236_589585168547828_1299250363399398062_n-768x512.jpg 768w, https:\/\/mtsoekav.org.tr\/wp-content\/uploads\/2023\/08\/81249236_589585168547828_1299250363399398062_n.jpg 1080w\" sizes=\"auto, (max-width: 565px) 100vw, 565px\" \/><\/figure>\n\n\n\n<p class=\"has-text-align-left\">Mersin Ticaret ve Sanayi Odas\u0131 (MTSO) E\u011fitim ve Kalk\u0131nma Vakf\u0131 Y\u00f6netim Kurulu Ba\u015fkan\u0131 Sad\u0131k \u00c7a\u011fatay G\u00fcne\u015f, Y\u00f6netim Kurulu \u00dcyeleri Osman Kiper ve Fahrettin A\u015fut ile birlikte, Mersin\u2019in yeni ticaret merkezi Mega Center\u2019\u0131 ziyaret etti.<br>Soylu G\u00fcr\u00fcz Gayrimenkul Yat\u0131r\u0131m A.\u015e. ad\u0131na Mehmet Soylu ve Ferhat G\u00fcr\u00fcz\u2019\u00fcn ev sahipli\u011finde ger\u00e7ekle\u015fen ziyarette, Soylu ve G\u00fcr\u00fcz\u2019e Vakfa desteklerinden dolay\u0131 te\u015fekk\u00fcr plaketi verildi.<br>Ziyarette konu\u015fan G\u00fcne\u015f, \u201cBu modern yap\u0131 Mersin\u2019e kazand\u0131r\u0131lan \u00f6nemli bir de\u011ferdir. Bu \u00f6nemli yap\u0131n\u0131n a\u00e7\u0131l\u0131\u015f\u0131nda da, \u00e7i\u00e7ek kabul etmeyip Vakf\u0131m\u0131za ba\u011f\u0131\u015f yap\u0131lmas\u0131na \u00f6n ayak oldu\u011funuz i\u00e7in te\u015fekk\u00fcr ederiz\u201d dedi.<\/p>\n\n\n\n<figure class=\"wp-block-image size-large is-resized\"><img loading=\"lazy\" decoding=\"async\" src=\"https:\/\/mtsolab.com\/WpEkav\/wp-content\/uploads\/2023\/08\/84344225_148873616213999_3987508776849105400_n-614x768.jpg\" alt=\"\" class=\"wp-image-1604\" style=\"width:310px;height:388px\" width=\"310\" height=\"388\" srcset=\"https:\/\/mtsoekav.org.tr\/wp-content\/uploads\/2023\/08\/84344225_148873616213999_3987508776849105400_n-614x768.jpg 614w, https:\/\/mtsoekav.org.tr\/wp-content\/uploads\/2023\/08\/84344225_148873616213999_3987508776849105400_n-768x960.jpg 768w, https:\/\/mtsoekav.org.tr\/wp-content\/uploads\/2023\/08\/84344225_148873616213999_3987508776849105400_n.jpg 1080w\" sizes=\"auto, (max-width: 310px) 100vw, 310px\" \/><\/figure>\n\n\n\n<p>Teknoloji Ba\u011f\u0131ml\u0131l\u0131\u011f\u0131 konferans\u0131m\u0131z\u0131 a\u00e7\u0131l\u0131\u015f konu\u015fmas\u0131n\u0131 Ba\u015fkan Vekilimiz Tamer G\u00fcner yapt\u0131. Teknoloji Ba\u011f\u0131ml\u0131l\u0131\u011f\u0131 konferans\u0131m\u0131z\u0131 Dr. Mehmet \u015eakiro\u011flu sundu.<\/p>\n\n\n\n<figure class=\"wp-block-image size-large is-resized\"><img loading=\"lazy\" decoding=\"async\" src=\"https:\/\/mtsolab.com\/WpEkav\/wp-content\/uploads\/2023\/08\/83929972_541659659780913_4081661482860815554_n-1024x682.jpg\" alt=\"\" class=\"wp-image-1605\" style=\"width:554px;height:369px\" width=\"554\" height=\"369\" srcset=\"https:\/\/mtsoekav.org.tr\/wp-content\/uploads\/2023\/08\/83929972_541659659780913_4081661482860815554_n-1024x682.jpg 1024w, https:\/\/mtsoekav.org.tr\/wp-content\/uploads\/2023\/08\/83929972_541659659780913_4081661482860815554_n-768x511.jpg 768w, https:\/\/mtsoekav.org.tr\/wp-content\/uploads\/2023\/08\/83929972_541659659780913_4081661482860815554_n.jpg 1080w\" sizes=\"auto, (max-width: 554px) 100vw, 554px\" \/><\/figure>\n\n\n\n<p>Teknoloji Ba\u011f\u0131ml\u0131l\u0131\u011f\u0131 konferans\u0131 Kadri \u015eaman MTSO MTAL \u00f6\u011frencileri ve&nbsp;<a href=\"https:\/\/www.instagram.com\/psk.drsakiroglu\/\">@psk.drsakiroglu<\/a>&nbsp;ile y\u00f6neticilerimiz.<\/p>\n\n\n\n<figure class=\"wp-block-image size-large is-resized\"><img loading=\"lazy\" decoding=\"async\" src=\"https:\/\/mtsolab.com\/WpEkav\/wp-content\/uploads\/2023\/08\/87875214_1810341192429640_3128021769582694357_n-768x768.jpg\" alt=\"\" class=\"wp-image-1606\" style=\"width:425px;height:425px\" width=\"425\" height=\"425\" srcset=\"https:\/\/mtsoekav.org.tr\/wp-content\/uploads\/2023\/08\/87875214_1810341192429640_3128021769582694357_n-768x768.jpg 768w, https:\/\/mtsoekav.org.tr\/wp-content\/uploads\/2023\/08\/87875214_1810341192429640_3128021769582694357_n-150x150.jpg 150w, https:\/\/mtsoekav.org.tr\/wp-content\/uploads\/2023\/08\/87875214_1810341192429640_3128021769582694357_n.jpg 1066w\" sizes=\"auto, (max-width: 425px) 100vw, 425px\" \/><\/figure>\n\n\n\n<p>Teknoloji ba\u011f\u0131ml\u0131l\u0131\u011f\u0131 konferans\u0131m\u0131z.<\/p>\n\n\n\n<p><\/p>\n\n\n\n<p><\/p>\n\n\n\n<ul class=\"wp-block-list\" type=\"1\">\n<li>&nbsp;D\u0131\u015f Ticaret Mevzuat\u0131 20-21-22 \u015eubat 2020<\/li>\n<\/ul>\n\n\n\n<figure class=\"wp-block-image size-large is-resized\"><img loading=\"lazy\" decoding=\"async\" src=\"https:\/\/mtsolab.com\/WpEkav\/wp-content\/uploads\/2023\/08\/84846878_2676235029158204_5225209306401342687_n-1024x768.jpg\" alt=\"\" class=\"wp-image-1597\" style=\"width:555px;height:416px\" width=\"555\" height=\"416\" srcset=\"https:\/\/mtsoekav.org.tr\/wp-content\/uploads\/2023\/08\/84846878_2676235029158204_5225209306401342687_n-1024x768.jpg 1024w, https:\/\/mtsoekav.org.tr\/wp-content\/uploads\/2023\/08\/84846878_2676235029158204_5225209306401342687_n-768x576.jpg 768w, https:\/\/mtsoekav.org.tr\/wp-content\/uploads\/2023\/08\/84846878_2676235029158204_5225209306401342687_n.jpg 1080w\" sizes=\"auto, (max-width: 555px) 100vw, 555px\" \/><\/figure>\n\n\n\n<p>T\u00fcrk Eximbank Kredileri ve D\u0131\u015f Ticaret Mevzuat\u0131 20-21-22 \u015eubat tarihlerinde yap\u0131lacak 3 g\u00fcnl\u00fck e\u011fitimimiz ba\u015flad\u0131.<\/p>\n\n\n\n<figure class=\"wp-block-image size-large is-resized\"><img loading=\"lazy\" decoding=\"async\" src=\"https:\/\/mtsolab.com\/WpEkav\/wp-content\/uploads\/2023\/08\/85185146_2499061463666418_3784491504627151490_n-1024x576.jpg\" alt=\"\" class=\"wp-image-1610\" style=\"width:554px;height:312px\" width=\"554\" height=\"312\" srcset=\"https:\/\/mtsoekav.org.tr\/wp-content\/uploads\/2023\/08\/85185146_2499061463666418_3784491504627151490_n-1024x576.jpg 1024w, https:\/\/mtsoekav.org.tr\/wp-content\/uploads\/2023\/08\/85185146_2499061463666418_3784491504627151490_n-768x432.jpg 768w, https:\/\/mtsoekav.org.tr\/wp-content\/uploads\/2023\/08\/85185146_2499061463666418_3784491504627151490_n.jpg 1080w\" sizes=\"auto, (max-width: 554px) 100vw, 554px\" \/><\/figure>\n\n\n\n<p>D\u0131\u015f Ticaret E\u011fitimi kat\u0131l\u0131mc\u0131lar\u0131m\u0131z ve e\u011fitmenimiz Re\u015fat Ba\u011fc\u0131o\u011flu ile.<br><\/p>\n\n\n\n<figure class=\"wp-block-image size-large is-resized\"><img loading=\"lazy\" decoding=\"async\" src=\"https:\/\/mtsolab.com\/WpEkav\/wp-content\/uploads\/2023\/08\/85132493_2625144551063825_6007616408146426578_n-1024x624.jpg\" alt=\"\" class=\"wp-image-1599\" style=\"width:553px;height:337px\" width=\"553\" height=\"337\" srcset=\"https:\/\/mtsoekav.org.tr\/wp-content\/uploads\/2023\/08\/85132493_2625144551063825_6007616408146426578_n-1024x624.jpg 1024w, https:\/\/mtsoekav.org.tr\/wp-content\/uploads\/2023\/08\/85132493_2625144551063825_6007616408146426578_n-768x468.jpg 768w, https:\/\/mtsoekav.org.tr\/wp-content\/uploads\/2023\/08\/85132493_2625144551063825_6007616408146426578_n.jpg 1080w\" sizes=\"auto, (max-width: 553px) 100vw, 553px\" \/><\/figure>\n\n\n\n<p>D\u0131\u015f Ticaret E\u011fitimimizin 2. g\u00fcn\u00fcnde<br>T\u00fcrk Eximbank Mersin \u015eube M\u00fcd\u00fcr\u00fc \u00d6zer Denizlio\u011flu, A. Murat K\u0131l\u0131\u00e7 e\u011fitmenimiz Re\u015fat Ba\u011fc\u0131o\u011flu ile<br>T\u00fcrk Eximbank destekleri hakk\u0131nda bilgi verdi.<\/p>\n\n\n\n<figure class=\"wp-block-image size-large is-resized\"><img loading=\"lazy\" decoding=\"async\" src=\"https:\/\/mtsolab.com\/WpEkav\/wp-content\/uploads\/2023\/08\/84024518_623320171571656_6971147963790080638_n-1024x768.jpg\" alt=\"\" class=\"wp-image-1600\" style=\"width:552px;height:414px\" width=\"552\" height=\"414\" srcset=\"https:\/\/mtsoekav.org.tr\/wp-content\/uploads\/2023\/08\/84024518_623320171571656_6971147963790080638_n-1024x768.jpg 1024w, https:\/\/mtsoekav.org.tr\/wp-content\/uploads\/2023\/08\/84024518_623320171571656_6971147963790080638_n-768x576.jpg 768w, https:\/\/mtsoekav.org.tr\/wp-content\/uploads\/2023\/08\/84024518_623320171571656_6971147963790080638_n.jpg 1080w\" sizes=\"auto, (max-width: 552px) 100vw, 552px\" \/><\/figure>\n\n\n\n<p>T\u00fcrk Eximbank Kredileri ve D\u0131\u015f Ticaret Mevzuat\u0131 konulu e\u011fitimimize kat\u0131lan kursiyerlerimizle.<\/p>\n\n\n\n<figure class=\"wp-block-image size-large is-resized\"><img loading=\"lazy\" decoding=\"async\" src=\"https:\/\/mtsolab.com\/WpEkav\/wp-content\/uploads\/2023\/08\/87657375_484282342267480_6553400981726828376_n-1024x601.jpg\" alt=\"\" class=\"wp-image-1601\" style=\"width:551px;height:324px\" width=\"551\" height=\"324\" srcset=\"https:\/\/mtsoekav.org.tr\/wp-content\/uploads\/2023\/08\/87657375_484282342267480_6553400981726828376_n-1024x601.jpg 1024w, https:\/\/mtsoekav.org.tr\/wp-content\/uploads\/2023\/08\/87657375_484282342267480_6553400981726828376_n-768x451.jpg 768w, https:\/\/mtsoekav.org.tr\/wp-content\/uploads\/2023\/08\/87657375_484282342267480_6553400981726828376_n.jpg 1080w\" sizes=\"auto, (max-width: 551px) 100vw, 551px\" \/><\/figure>\n\n\n\n<p>15 Mart-18 Temmuz 2019 tarihleri aras\u0131nda yap\u0131lan &#8220;D\u0131\u015f Ticaret Uzmanl\u0131k E\u011fitimi &#8221; sertifika t\u00f6reni yap\u0131ld\u0131.<\/p>\n\n\n\n<ul class=\"wp-block-list\">\n<li>&nbsp;Uluslararas\u0131 Fuar Y\u00f6netimi 24 \u015eubat 2020<\/li>\n<\/ul>\n\n\n\n<figure class=\"wp-block-image size-large is-resized\"><img loading=\"lazy\" decoding=\"async\" src=\"https:\/\/mtsolab.com\/WpEkav\/wp-content\/uploads\/2023\/08\/87241848_206850084034757_6949322384272819389_n-768x768.jpg\" alt=\"\" class=\"wp-image-1602\" style=\"width:513px;height:344px\" width=\"513\" height=\"344\"\/><\/figure>\n\n\n\n<figure class=\"wp-block-image size-large is-resized\"><img loading=\"lazy\" decoding=\"async\" src=\"https:\/\/mtsolab.com\/WpEkav\/wp-content\/uploads\/2023\/08\/83640204_152350119139296_6363640025439370013_n-768x768.jpg\" alt=\"\" class=\"wp-image-1603\" style=\"width:515px;height:515px\" width=\"515\" height=\"515\" srcset=\"https:\/\/mtsoekav.org.tr\/wp-content\/uploads\/2023\/08\/83640204_152350119139296_6363640025439370013_n-768x768.jpg 768w, https:\/\/mtsoekav.org.tr\/wp-content\/uploads\/2023\/08\/83640204_152350119139296_6363640025439370013_n-150x150.jpg 150w, https:\/\/mtsoekav.org.tr\/wp-content\/uploads\/2023\/08\/83640204_152350119139296_6363640025439370013_n.jpg 1080w\" sizes=\"auto, (max-width: 515px) 100vw, 515px\" \/><\/figure>\n\n\n\n<p>Uluslararas\u0131 Fuar Y\u00f6netimi E\u011fitimimizden<\/p>\n\n\n\n<ul class=\"wp-block-list\">\n<li>&nbsp;Bireyler \u0130\u00e7in Finansal Okuryazarl\u0131k 13 Ekim2020<\/li>\n\n\n\n<li>&nbsp;Dijital Pazarlama 15 Ekim 2020<\/li>\n\n\n\n<li>&nbsp;KOB\u0130\u2019ler \u0130\u00e7in Dijital \u0130\u015f S\u00fcre\u00e7leri 20 Ekim 2020<\/li>\n\n\n\n<li>&nbsp;\u00c7evrimi\u00e7i G\u00fcvenlik 22 Ekim 2020<\/li>\n\n\n\n<li>&nbsp;Finansal Risk Y\u00f6netimi 27 Ekim 2020<\/li>\n\n\n\n<li>Mobil Foto\u011fraf\u00e7\u0131l\u0131k 10 Kas\u0131m 2020<\/li>\n\n\n\n<li>Dijital Gazetecilik 12 Kas\u0131m 2020<\/li>\n\n\n\n<li>\u0130nternet Reklamc\u0131l\u0131\u011f\u0131 17 Kas\u0131m 2020<\/li>\n\n\n\n<li>Tasar\u0131m Odakl\u0131 D\u00fc\u015f\u00fcnme At\u00f6lyesi 19 Kas\u0131m 2020<\/li>\n\n\n\n<li>Dijital Gazetecilik&nbsp; 24 Kas\u0131m 2020<\/li>\n\n\n\n<li>Bulut Bili\u015fim 08 Aral\u0131k 2020<\/li>\n\n\n\n<li>Blockchain Okuryazarl\u0131\u011f\u0131 10 Aral\u0131k 2020<\/li>\n\n\n\n<li>Finansal Risk Y\u00f6netimi 15 Aral\u0131k 2020<\/li>\n\n\n\n<li>Dijital Pazarlama 17 Aral\u0131k 2020<\/li>\n\n\n\n<li>Dijital Okuryazarl\u0131k 22 Aral\u0131k 2020<\/li>\n\n\n\n<li>Giri\u015fimciler \u0130\u00e7in Finansal Okuryazarl\u0131k 24 &#8211; 25 Aral\u0131k 2020<\/li>\n<\/ul>\n\n\n\n<p>Not: Ekim ay\u0131ndan itibaren e\u011fitimlerimiz online yap\u0131lm\u0131\u015ft\u0131r.<\/p>\n","protected":false},"excerpt":{"rendered":"<p>MERS\u0130N T\u0130CARET VE SANAY\u0130 ODASI E\u011e\u0130T\u0130M VE KALKINMA VAKFI ve \u0130KT\u0130SAD\u0130 \u0130\u015eLETMES\u0130 04 \u015eubat 2020 Sal\u0131 g\u00fcn\u00fc MTSO E\u011eITIM VE<\/p>\n","protected":false},"author":2,"featured_media":0,"parent":0,"menu_order":0,"comment_status":"closed","ping_status":"closed","template":"","meta":{"footnotes":""},"class_list":["post-1506","page","type-page","status-publish","hentry"],"_links":{"self":[{"href":"https:\/\/mtsoekav.org.tr\/index.php\/wp-json\/wp\/v2\/pages\/1506","targetHints":{"allow":["GET"]}}],"collection":[{"href":"https:\/\/mtsoekav.org.tr\/index.php\/wp-json\/wp\/v2\/pages"}],"about":[{"href":"https:\/\/mtsoekav.org.tr\/index.php\/wp-json\/wp\/v2\/types\/page"}],"author":[{"embeddable":true,"href":"https:\/\/mtsoekav.org.tr\/index.php\/wp-json\/wp\/v2\/users\/2"}],"replies":[{"embeddable":true,"href":"https:\/\/mtsoekav.org.tr\/index.php\/wp-json\/wp\/v2\/comments?post=1506"}],"version-history":[{"count":6,"href":"https:\/\/mtsoekav.org.tr\/index.php\/wp-json\/wp\/v2\/pages\/1506\/revisions"}],"predecessor-version":[{"id":1612,"href":"https:\/\/mtsoekav.org.tr\/index.php\/wp-json\/wp\/v2\/pages\/1506\/revisions\/1612"}],"wp:attachment":[{"href":"https:\/\/mtsoekav.org.tr\/index.php\/wp-json\/wp\/v2\/media?parent=1506"}],"curies":[{"name":"wp","href":"https:\/\/api.w.org\/{rel}","templated":true}]}}