{"id":1489,"date":"2023-08-10T12:49:29","date_gmt":"2023-08-10T12:49:29","guid":{"rendered":"https:\/\/mtsolab.com\/WpEkav\/?page_id=1489"},"modified":"2023-08-10T12:55:05","modified_gmt":"2023-08-10T12:55:05","slug":"2019-yili-faaliyetlerimiz","status":"publish","type":"page","link":"https:\/\/mtsoekav.org.tr\/index.php\/2019-yili-faaliyetlerimiz\/","title":{"rendered":"2019 Y\u0131l\u0131 Faaliyetlerimiz"},"content":{"rendered":"\n<h4 class=\"wp-block-heading\"><strong>MERS\u0130N T\u0130CARET VE SANAY\u0130 ODASI E\u011e\u0130T\u0130M VE KALKINMA VAKFI<\/strong><\/h4>\n\n\n\n<p>Vak\u0131f Y\u00f6netim Kurulu 30.05.2018 tarihinden itibaren Ba\u015fkan S. \u00c7a\u011fatay G\u00fcne\u015f, Ba\u015fkan Vekilleri Mesut Selim \u00d6zc\u00f6mert ve Tamer G\u00fcner, Sayman \u00dcye Mustafa Mutlu Koyuncuo\u011flu, Y\u00f6netim Kurulu \u00dcyeleri Fahrettin A\u015fut, Hakan Bozbey, Osman Kiper, Yakup Y\u0131lmaz ve Yal\u00e7\u0131n Balc\u0131 olarak g\u00f6revlerine devam etmektedir.<\/p>\n\n\n\n<p>Vakf\u0131n <a href=\"http:\/\/www.mtsoekav.org.tr\">www.mtsoekav.org.tr<\/a> adresiyle web sitesi kuruldu.<\/p>\n\n\n\n<p>#mtso.ekav ismiyle instagram hesab\u0131 ve MTSO E\u011fitim ve Kalk\u0131nma Vakf\u0131 facebook sayfas\u0131 a\u00e7\u0131larak MTSO E\u011fitim ve Kalk\u0131nma Vakf\u0131 sosyal medyada yerini ald\u0131. Vakf\u0131m\u0131z faaliyetlerini bu mecralardan da duyurmaktad\u0131r.<\/p>\n\n\n\n<p>En iyi yat\u0131r\u0131m\u0131n insana yap\u0131ld\u0131\u011f\u0131 bilinciyle faaliyetlerini s\u00fcrd\u00fcren Vakf\u0131m\u0131z e\u011fitimi \u00f6ncelikli faaliyetleri aras\u0131na alm\u0131\u015ft\u0131r.<\/p>\n\n\n\n<p>24 Kas\u0131m \u00d6\u011fretmenler G\u00fcn\u00fc dolay\u0131s\u0131yla on \u00f6\u011fretmene \u201cE\u011fitimde \u0130z B\u0131rakanlar\u201d \u00f6d\u00fcl\u00fc verildi.<\/p>\n\n\n\n<p>Vakf\u0131m\u0131z\u0131n faaliyetleri;<\/p>\n\n\n\n<figure class=\"wp-block-image size-full is-resized\"><img loading=\"lazy\" decoding=\"async\" src=\"https:\/\/mtsolab.com\/WpEkav\/wp-content\/uploads\/2023\/08\/2019.jpg\" alt=\"\" class=\"wp-image-1490\" style=\"width:648px;height:432px\" width=\"648\" height=\"432\" srcset=\"https:\/\/mtsoekav.org.tr\/wp-content\/uploads\/2023\/08\/2019.jpg 1024w, https:\/\/mtsoekav.org.tr\/wp-content\/uploads\/2023\/08\/2019-768x512.jpg 768w\" sizes=\"auto, (max-width: 648px) 100vw, 648px\" \/><\/figure>\n\n\n\n<p>Vak\u0131flar Haftas\u0131 dolay\u0131s\u0131yla Vak\u0131flar B\u00f6lge M\u00fcd\u00fcr\u00fc ve Mersin, Tarsus\u2019taki Vak\u0131f yetkililerinin Mersin Valisi Ali \u0130hsan Su\u2019yu ziyareti<\/p>\n\n\n\n<figure class=\"wp-block-image aligncenter size-full is-resized\"><img loading=\"lazy\" decoding=\"async\" src=\"https:\/\/mtsolab.com\/WpEkav\/wp-content\/uploads\/2023\/08\/b.jpg\" alt=\"\" class=\"wp-image-1491\" style=\"width:644px;height:434px\" width=\"644\" height=\"434\" srcset=\"https:\/\/mtsoekav.org.tr\/wp-content\/uploads\/2023\/08\/b.jpg 1024w, https:\/\/mtsoekav.org.tr\/wp-content\/uploads\/2023\/08\/b-768x518.jpg 768w\" sizes=\"auto, (max-width: 644px) 100vw, 644px\" \/><\/figure>\n\n\n\n<p>Vak\u0131flar Haftas\u0131 dolay\u0131s\u0131yla Vak\u0131flar B\u00f6lge M\u00fcd\u00fcr\u00fc ve Mersin, Tarsus\u2019taki Vak\u0131f yetkililerinin Mersin B\u00fcy\u00fck\u015fehir Belediye&nbsp; Ba\u015fkan\u0131 Vahap Se\u00e7er\u2019i ziyareti<\/p>\n\n\n\n<figure class=\"wp-block-image size-large is-resized\"><img loading=\"lazy\" decoding=\"async\" src=\"https:\/\/mtsolab.com\/WpEkav\/wp-content\/uploads\/2023\/08\/c-1012x768.jpg\" alt=\"\" class=\"wp-image-1492\" style=\"width:645px;height:489px\" width=\"645\" height=\"489\" srcset=\"https:\/\/mtsoekav.org.tr\/wp-content\/uploads\/2023\/08\/c-1012x768.jpg 1012w, https:\/\/mtsoekav.org.tr\/wp-content\/uploads\/2023\/08\/c-768x583.jpg 768w, https:\/\/mtsoekav.org.tr\/wp-content\/uploads\/2023\/08\/c.jpg 1080w\" sizes=\"auto, (max-width: 645px) 100vw, 645px\" \/><\/figure>\n\n\n\n<p>2019 y\u0131l\u0131 Vak\u0131flar Haftas\u0131 etkinli\u011fi<\/p>\n\n\n\n<figure class=\"wp-block-image size-large is-resized\"><img loading=\"lazy\" decoding=\"async\" src=\"https:\/\/mtsolab.com\/WpEkav\/wp-content\/uploads\/2023\/08\/d-1024x682.jpg\" alt=\"\" class=\"wp-image-1493\" style=\"width:645px;height:429px\" width=\"645\" height=\"429\" srcset=\"https:\/\/mtsoekav.org.tr\/wp-content\/uploads\/2023\/08\/d-1024x682.jpg 1024w, https:\/\/mtsoekav.org.tr\/wp-content\/uploads\/2023\/08\/d-768x512.jpg 768w, https:\/\/mtsoekav.org.tr\/wp-content\/uploads\/2023\/08\/d-1536x1023.jpg 1536w, https:\/\/mtsoekav.org.tr\/wp-content\/uploads\/2023\/08\/d.jpg 1600w\" sizes=\"auto, (max-width: 645px) 100vw, 645px\" \/><\/figure>\n\n\n\n<p>Y\u00f6netim Kurulumuzun Yeni\u015fehir Belediye Ba\u015fkan\u0131 Abdullah \u00d6zyi\u011fit\u2019i ziyaret<\/p>\n\n\n\n<figure class=\"wp-block-image size-full is-resized\"><img loading=\"lazy\" decoding=\"async\" src=\"https:\/\/mtsolab.com\/WpEkav\/wp-content\/uploads\/2023\/08\/e.jpg\" alt=\"\" class=\"wp-image-1494\" style=\"width:645px;height:430px\" width=\"645\" height=\"430\" srcset=\"https:\/\/mtsoekav.org.tr\/wp-content\/uploads\/2023\/08\/e.jpg 960w, https:\/\/mtsoekav.org.tr\/wp-content\/uploads\/2023\/08\/e-768x512.jpg 768w\" sizes=\"auto, (max-width: 645px) 100vw, 645px\" \/><\/figure>\n\n\n\n<p>Y\u00f6netim Kurulumuzun Akdeniz Belediye Ba\u015fkan\u0131 M. Mustafa G\u00fcltak\u2019\u0131 ziyareti<\/p>\n\n\n\n<figure class=\"wp-block-image size-full is-resized\"><img loading=\"lazy\" decoding=\"async\" src=\"https:\/\/mtsolab.com\/WpEkav\/wp-content\/uploads\/2023\/08\/f.jpg\" alt=\"\" class=\"wp-image-1495\" style=\"width:644px;height:362px\" width=\"644\" height=\"362\" srcset=\"https:\/\/mtsoekav.org.tr\/wp-content\/uploads\/2023\/08\/f.jpg 1024w, https:\/\/mtsoekav.org.tr\/wp-content\/uploads\/2023\/08\/f-768x432.jpg 768w\" sizes=\"auto, (max-width: 644px) 100vw, 644px\" \/><\/figure>\n\n\n\n<p>Y\u00f6netim Kurulumuzun Mezitli Belediye Ba\u015fkan\u0131 Ne\u015fet Tarhan\u2019\u0131 ziyareti<\/p>\n\n\n\n<p><strong>MTSO E\u011e\u0130T\u0130M VE KALKINMA VAKFI \u0130KT\u0130SAD\u0130 \u0130\u015eLETMES\u0130<\/strong><\/p>\n\n\n\n<p><strong>2019 YILI FAAL\u0130YETLER\u0130M\u0130Z<\/strong><\/p>\n\n\n\n<ul class=\"wp-block-list\" type=\"1\">\n<li>09 Ocak 2019 E-\u0130hale ve E Eksiltme Bilgilendirme konferans\u0131 34 ki\u015fi<\/li>\n<\/ul>\n\n\n\n<figure class=\"wp-block-image aligncenter size-large is-resized\"><img loading=\"lazy\" decoding=\"async\" src=\"https:\/\/mtsolab.com\/WpEkav\/wp-content\/uploads\/2023\/08\/g-1024x682.jpg\" alt=\"\" class=\"wp-image-1496\" style=\"width:501px;height:333px\" width=\"501\" height=\"333\" srcset=\"https:\/\/mtsoekav.org.tr\/wp-content\/uploads\/2023\/08\/g-1024x682.jpg 1024w, https:\/\/mtsoekav.org.tr\/wp-content\/uploads\/2023\/08\/g-768x512.jpg 768w, https:\/\/mtsoekav.org.tr\/wp-content\/uploads\/2023\/08\/g-1536x1023.jpg 1536w, https:\/\/mtsoekav.org.tr\/wp-content\/uploads\/2023\/08\/g.jpg 1600w\" sizes=\"auto, (max-width: 501px) 100vw, 501px\" \/><\/figure>\n\n\n\n<ul class=\"wp-block-list\">\n<li>09 Ocak 2019 Aile \u015firketlerinde kurumsalla\u015fma ve aile anayasas\u0131 41 ki\u015fi<\/li>\n<\/ul>\n\n\n\n<figure class=\"wp-block-image size-large is-resized\"><img loading=\"lazy\" decoding=\"async\" src=\"https:\/\/mtsolab.com\/WpEkav\/wp-content\/uploads\/2023\/08\/h-1024x682.jpg\" alt=\"\" class=\"wp-image-1497\" style=\"width:503px;height:335px\" width=\"503\" height=\"335\" srcset=\"https:\/\/mtsoekav.org.tr\/wp-content\/uploads\/2023\/08\/h-1024x682.jpg 1024w, https:\/\/mtsoekav.org.tr\/wp-content\/uploads\/2023\/08\/h-768x512.jpg 768w, https:\/\/mtsoekav.org.tr\/wp-content\/uploads\/2023\/08\/h-1536x1023.jpg 1536w, https:\/\/mtsoekav.org.tr\/wp-content\/uploads\/2023\/08\/h.jpg 1600w\" sizes=\"auto, (max-width: 503px) 100vw, 503px\" \/><\/figure>\n\n\n\n<ul class=\"wp-block-list\">\n<li>&nbsp;16 Ocak 2019 Etkili sesle g\u00fczel konu\u015fma sanat\u0131 42 ki\u015fi<\/li>\n<\/ul>\n\n\n\n<figure class=\"wp-block-image size-large is-resized\"><img loading=\"lazy\" decoding=\"async\" src=\"https:\/\/mtsolab.com\/WpEkav\/wp-content\/uploads\/2023\/08\/i-1024x650.jpg\" alt=\"\" class=\"wp-image-1498\" style=\"width:505px;height:321px\" width=\"505\" height=\"321\" srcset=\"https:\/\/mtsoekav.org.tr\/wp-content\/uploads\/2023\/08\/i-1024x650.jpg 1024w, https:\/\/mtsoekav.org.tr\/wp-content\/uploads\/2023\/08\/i-768x488.jpg 768w, https:\/\/mtsoekav.org.tr\/wp-content\/uploads\/2023\/08\/i-1536x975.jpg 1536w, https:\/\/mtsoekav.org.tr\/wp-content\/uploads\/2023\/08\/i.jpg 1600w\" sizes=\"auto, (max-width: 505px) 100vw, 505px\" \/><\/figure>\n\n\n\n<ul class=\"wp-block-list\">\n<li>&nbsp;25 \u015eubat 2019 Kalitesizli\u011fin maliyeti 22 ki\u015fi<\/li>\n\n\n\n<li>&nbsp;28 \u015eubat 2019 Etkili sunum teknikleri 18 ki\u015fi<\/li>\n<\/ul>\n\n\n\n<figure class=\"wp-block-image size-large is-resized\"><img loading=\"lazy\" decoding=\"async\" src=\"https:\/\/mtsolab.com\/WpEkav\/wp-content\/uploads\/2023\/08\/i-1-1024x682.jpg\" alt=\"\" class=\"wp-image-1499\" style=\"width:506px;height:337px\" width=\"506\" height=\"337\" srcset=\"https:\/\/mtsoekav.org.tr\/wp-content\/uploads\/2023\/08\/i-1-1024x682.jpg 1024w, https:\/\/mtsoekav.org.tr\/wp-content\/uploads\/2023\/08\/i-1-768x512.jpg 768w, https:\/\/mtsoekav.org.tr\/wp-content\/uploads\/2023\/08\/i-1-1536x1023.jpg 1536w, https:\/\/mtsoekav.org.tr\/wp-content\/uploads\/2023\/08\/i-1.jpg 1600w\" sizes=\"auto, (max-width: 506px) 100vw, 506px\" \/><\/figure>\n\n\n\n<ul class=\"wp-block-list\">\n<li>&nbsp;13 Mart 2019 Dijital pazarlama ve sosyal medya e\u011fitimi 23 ki\u015fi<\/li>\n\n\n\n<li>&nbsp;15 Mart-07 Temmuz 2019 D\u0131\u015f ticaret sorumlusu sertifika program\u0131 33 ki\u015fi<\/li>\n<\/ul>\n\n\n\n<figure class=\"wp-block-image size-large is-resized\"><img loading=\"lazy\" decoding=\"async\" src=\"https:\/\/mtsolab.com\/WpEkav\/wp-content\/uploads\/2023\/08\/j-1024x682.jpg\" alt=\"\" class=\"wp-image-1500\" style=\"width:506px;height:337px\" width=\"506\" height=\"337\" srcset=\"https:\/\/mtsoekav.org.tr\/wp-content\/uploads\/2023\/08\/j-1024x682.jpg 1024w, https:\/\/mtsoekav.org.tr\/wp-content\/uploads\/2023\/08\/j-768x512.jpg 768w, https:\/\/mtsoekav.org.tr\/wp-content\/uploads\/2023\/08\/j-1536x1023.jpg 1536w, https:\/\/mtsoekav.org.tr\/wp-content\/uploads\/2023\/08\/j.jpg 1600w\" sizes=\"auto, (max-width: 506px) 100vw, 506px\" \/><\/figure>\n\n\n\n<ul class=\"wp-block-list\">\n<li>&nbsp;19-20 Mart 2019 Devlet desteklerine y\u00f6nelik proje yazma e\u011fitimi 11 ki\u015fi<\/li>\n\n\n\n<li>&nbsp;26 Mart 2019 Yal\u0131n \u00fcretim 20 ki\u015fi<\/li>\n\n\n\n<li>&nbsp;03 Nisan 2019 \u00d6zel e\u011fitim kurumlar\u0131 personel i\u015fleri 39 ki\u015fi<\/li>\n\n\n\n<li>12-15 Nisan 2019 Bilirki\u015filik temel e\u011fitimi 19 ki\u015fi<\/li>\n\n\n\n<li>13-14 Haziran 2019 Sa\u011fl\u0131k turizminde akreditasyon ve te\u015fvikler 18 ki\u015fi<\/li>\n\n\n\n<li>18 Haziran 2019 Ki\u015fisel verileri koruma kanunu ve verbis bilgilendirme semineri 80 ki\u015fi<\/li>\n\n\n\n<li>19 Haziran 2019 Sat\u0131\u015f 4.0 Dijital \u00e7a\u011f\u0131n yeni sat\u0131\u015f modeli 20 ki\u015fi<\/li>\n\n\n\n<li>25 Haziran 2019 Krizde sat\u0131\u015fta ba\u015far\u0131y\u0131 yakalamak 16 ki\u015fi<\/li>\n\n\n\n<li>25 Temmuz 2019 Sat\u0131\u015f\u0131 artt\u0131rmak ve dijital pazarlama 79 ki\u015fi<\/li>\n\n\n\n<li>22 Ekim 2019 Dr. \u015eaban K\u0131z\u0131lda\u011f \u201cMazeret Yok\u201d sunumu 177 ki\u015fi<\/li>\n\n\n\n<li>18 Kas\u0131m 2019 Sunay Ak\u0131n sunumu ve \u201cE\u011fitimde iz b\u0131rakanlar\u201d \u00f6d\u00fcl t\u00f6reni 1.000 ki\u015fi<\/li>\n<\/ul>\n\n\n\n<p>Etkinliklerimize toplam 1.659 ki\u015fi kat\u0131lm\u0131\u015ft\u0131r.<\/p>\n","protected":false},"excerpt":{"rendered":"<p>MERS\u0130N T\u0130CARET VE SANAY\u0130 ODASI E\u011e\u0130T\u0130M VE KALKINMA VAKFI Vak\u0131f Y\u00f6netim Kurulu 30.05.2018 tarihinden itibaren Ba\u015fkan S. \u00c7a\u011fatay G\u00fcne\u015f, Ba\u015fkan<\/p>\n","protected":false},"author":2,"featured_media":0,"parent":0,"menu_order":0,"comment_status":"closed","ping_status":"closed","template":"","meta":{"footnotes":""},"class_list":["post-1489","page","type-page","status-publish","hentry"],"_links":{"self":[{"href":"https:\/\/mtsoekav.org.tr\/index.php\/wp-json\/wp\/v2\/pages\/1489","targetHints":{"allow":["GET"]}}],"collection":[{"href":"https:\/\/mtsoekav.org.tr\/index.php\/wp-json\/wp\/v2\/pages"}],"about":[{"href":"https:\/\/mtsoekav.org.tr\/index.php\/wp-json\/wp\/v2\/types\/page"}],"author":[{"embeddable":true,"href":"https:\/\/mtsoekav.org.tr\/index.php\/wp-json\/wp\/v2\/users\/2"}],"replies":[{"embeddable":true,"href":"https:\/\/mtsoekav.org.tr\/index.php\/wp-json\/wp\/v2\/comments?post=1489"}],"version-history":[{"count":4,"href":"https:\/\/mtsoekav.org.tr\/index.php\/wp-json\/wp\/v2\/pages\/1489\/revisions"}],"predecessor-version":[{"id":1505,"href":"https:\/\/mtsoekav.org.tr\/index.php\/wp-json\/wp\/v2\/pages\/1489\/revisions\/1505"}],"wp:attachment":[{"href":"https:\/\/mtsoekav.org.tr\/index.php\/wp-json\/wp\/v2\/media?parent=1489"}],"curies":[{"name":"wp","href":"https:\/\/api.w.org\/{rel}","templated":true}]}}