{"id":1397,"date":"2023-07-30T14:07:44","date_gmt":"2023-07-30T14:07:44","guid":{"rendered":"https:\/\/mtsolab.com\/WpEkav\/?page_id=1397"},"modified":"2023-07-31T04:22:02","modified_gmt":"2023-07-31T04:22:02","slug":"1397-2","status":"publish","type":"page","link":"https:\/\/mtsoekav.org.tr\/index.php\/1397-2\/","title":{"rendered":"\u0130leti\u015fim"},"content":{"rendered":"\n<div class=\"wp-block-group is-layout-constrained wp-block-group-is-layout-constrained\">\n<figure class=\"wp-block-table\"><table><tbody><tr><td><img loading=\"lazy\" decoding=\"async\" width=\"42\" height=\"42\" class=\"wp-image-1398\" style=\"width: 42px;\" src=\"https:\/\/mtsolab.com\/WpEkav\/wp-content\/uploads\/2023\/07\/adres-1.png\" alt=\"\"><\/td><td>\u00c7ankaya Mahallesi, Atat\u00fcrk Cad. Mersin Ticaret ve Sanayi Odas\u0131 Hizmet Binas\u0131 Kat:4 , Akdeniz&nbsp;\/ MERS\u0130N<\/td><\/tr><tr><td><img decoding=\"async\" src=\"http:\/\/www.mtsoekav.org.tr\/wp-content\/uploads\/2017\/04\/phone.png\" alt=\"\"><img loading=\"lazy\" decoding=\"async\" width=\"42\" height=\"42\" class=\"wp-image-1399\" style=\"width: 42px;\" src=\"https:\/\/mtsolab.com\/WpEkav\/wp-content\/uploads\/2023\/07\/phone.png\" alt=\"\"><\/td><td>(0324) 231 25 25<\/td><\/tr><tr><td><img decoding=\"async\" src=\"http:\/\/www.mtsoekav.org.tr\/wp-content\/uploads\/2017\/04\/fax.png\" alt=\"\"><img loading=\"lazy\" decoding=\"async\" width=\"42\" height=\"42\" class=\"wp-image-1400\" style=\"width: 42px;\" src=\"https:\/\/mtsolab.com\/WpEkav\/wp-content\/uploads\/2023\/07\/fax.png\" alt=\"\"><\/td><td>(0324) 231 96 97<\/td><\/tr><tr><td><img decoding=\"async\" src=\"http:\/\/www.mtsoekav.org.tr\/wp-content\/uploads\/2017\/04\/e-posta.png\" alt=\"\"><img loading=\"lazy\" decoding=\"async\" width=\"42\" height=\"42\" class=\"wp-image-1402\" style=\"width: 42px;\" src=\"https:\/\/mtsolab.com\/WpEkav\/wp-content\/uploads\/2023\/07\/e-posta.png\" alt=\"\"><\/td><td>mtso.ekav@gmail.com<\/td><\/tr><\/tbody><\/table><\/figure>\n<\/div>\n","protected":false},"excerpt":{"rendered":"<p>\u00c7ankaya Mahallesi, Atat\u00fcrk Cad. Mersin Ticaret ve Sanayi Odas\u0131 Hizmet Binas\u0131 Kat:4 , Akdeniz&nbsp;\/ MERS\u0130N (0324) 231 25 25 (0324)<\/p>\n","protected":false},"author":2,"featured_media":0,"parent":0,"menu_order":0,"comment_status":"closed","ping_status":"closed","template":"","meta":{"footnotes":""},"class_list":["post-1397","page","type-page","status-publish","hentry"],"_links":{"self":[{"href":"https:\/\/mtsoekav.org.tr\/index.php\/wp-json\/wp\/v2\/pages\/1397","targetHints":{"allow":["GET"]}}],"collection":[{"href":"https:\/\/mtsoekav.org.tr\/index.php\/wp-json\/wp\/v2\/pages"}],"about":[{"href":"https:\/\/mtsoekav.org.tr\/index.php\/wp-json\/wp\/v2\/types\/page"}],"author":[{"embeddable":true,"href":"https:\/\/mtsoekav.org.tr\/index.php\/wp-json\/wp\/v2\/users\/2"}],"replies":[{"embeddable":true,"href":"https:\/\/mtsoekav.org.tr\/index.php\/wp-json\/wp\/v2\/comments?post=1397"}],"version-history":[{"count":2,"href":"https:\/\/mtsoekav.org.tr\/index.php\/wp-json\/wp\/v2\/pages\/1397\/revisions"}],"predecessor-version":[{"id":1404,"href":"https:\/\/mtsoekav.org.tr\/index.php\/wp-json\/wp\/v2\/pages\/1397\/revisions\/1404"}],"wp:attachment":[{"href":"https:\/\/mtsoekav.org.tr\/index.php\/wp-json\/wp\/v2\/media?parent=1397"}],"curies":[{"name":"wp","href":"https:\/\/api.w.org\/{rel}","templated":true}]}}